{"id":1288,"date":"2024-05-04T04:47:24","date_gmt":"2024-05-04T04:47:24","guid":{"rendered":"https:\/\/fabiofiligree.com\/?post_type=product&#038;p=1288"},"modified":"2024-10-20T00:09:10","modified_gmt":"2024-10-20T00:09:10","slug":"rhombus-gold-earrings-filigree","status":"publish","type":"product","link":"https:\/\/fabiofiligree.com\/en\/product\/rhombus-gold-earrings-filigree\/","title":{"rendered":"Rhombu's Gold Earrings Filigree"},"content":{"rendered":"<p class=\"p1\">A delicate rectangle frames an exquisite rhombus! Surrounded by filigree tambourines and woven with gold-plated silver threads, this geometric mix creates a unique, delicate and exclusive piece of jewelry, perfect for the office, a business dinner or any elegant occasion!<span class=\"Apple-converted-space\">\u00a0<\/span><\/p>\n<p>&nbsp;<\/p>\n<table cellspacing=\"0\" cellpadding=\"0\">\n<tbody>\n<tr>\n<td colspan=\"2\" valign=\"bottom\">\n<p align=\"center\"><span style=\"color: #000000; font-family: Calibri; font-size: medium;\">Material: Gold Plated Silver 970<\/span><\/p>\n<\/td>\n<\/tr>\n<tr>\n<td colspan=\"2\" valign=\"bottom\">\n<p align=\"center\"><span style=\"color: #000000; font-family: Calibri; font-size: medium;\">Dimensions: L 18 mm<span class=\"Apple-converted-space\">\u00a0 <\/span>x<span class=\"Apple-converted-space\"> A<\/span>\u00a012 mm<\/span><\/p>\n<\/td>\n<\/tr>\n<\/tbody>\n<\/table>","protected":false},"excerpt":{"rendered":"<p>\u00a1Un delicado rect\u00e1ngulo enmarca un exquisito rombo! Rodeado de panderos enn filigrana y tejido con hilos de plata ba\u00f1ados en oro, esta mezcla geom\u00e9trica crea una joya \u00fanica, delicada y exclusiva. \u00a1Perfecta para la oficina, una cena de negocios o cualquier ocasi\u00f3n elegante!\u00a0 &nbsp; Material: Plata 970 Ba\u00f1ada en Oro Medidas: L 18 mm\u00a0 x A\u00a012 mm<\/p>","protected":false},"featured_media":1289,"comment_status":"open","ping_status":"closed","template":"","meta":{"_joinchat":[]},"product_brand":[],"product_cat":[66],"product_tag":[],"class_list":{"0":"post-1288","1":"product","2":"type-product","3":"status-publish","4":"has-post-thumbnail","6":"product_cat-earrings","8":"first","9":"instock","10":"shipping-taxable","11":"purchasable","12":"product-type-simple"},"jetpack_sharing_enabled":true,"_links":{"self":[{"href":"https:\/\/fabiofiligree.com\/en\/wp-json\/wp\/v2\/product\/1288","targetHints":{"allow":["GET"]}}],"collection":[{"href":"https:\/\/fabiofiligree.com\/en\/wp-json\/wp\/v2\/product"}],"about":[{"href":"https:\/\/fabiofiligree.com\/en\/wp-json\/wp\/v2\/types\/product"}],"replies":[{"embeddable":true,"href":"https:\/\/fabiofiligree.com\/en\/wp-json\/wp\/v2\/comments?post=1288"}],"wp:featuredmedia":[{"embeddable":true,"href":"https:\/\/fabiofiligree.com\/en\/wp-json\/wp\/v2\/media\/1289"}],"wp:attachment":[{"href":"https:\/\/fabiofiligree.com\/en\/wp-json\/wp\/v2\/media?parent=1288"}],"wp:term":[{"taxonomy":"product_brand","embeddable":true,"href":"https:\/\/fabiofiligree.com\/en\/wp-json\/wp\/v2\/product_brand?post=1288"},{"taxonomy":"product_cat","embeddable":true,"href":"https:\/\/fabiofiligree.com\/en\/wp-json\/wp\/v2\/product_cat?post=1288"},{"taxonomy":"product_tag","embeddable":true,"href":"https:\/\/fabiofiligree.com\/en\/wp-json\/wp\/v2\/product_tag?post=1288"}],"curies":[{"name":"wp","href":"https:\/\/api.w.org\/{rel}","templated":true}]}}