{"id":1294,"date":"2024-05-04T04:57:57","date_gmt":"2024-05-04T04:57:57","guid":{"rendered":"https:\/\/fabiofiligree.com\/?post_type=product&#038;p=1294"},"modified":"2025-02-14T00:00:01","modified_gmt":"2025-02-14T00:00:01","slug":"rocio-silver-large-earrings-filigree","status":"publish","type":"product","link":"https:\/\/fabiofiligree.com\/en\/product\/rocio-silver-large-earrings-filigree\/","title":{"rendered":"Rocio Silver large Earrings Filigree"},"content":{"rendered":"<p class=\"p1\">This jewelry masterfully combines organic and geometric elements to create a unique and beautiful design. It is a versatile and romantic piece to wear on a special occasion.<\/p>\n<p>&nbsp;<\/p>\n<table cellspacing=\"0\" cellpadding=\"0\">\n<tbody>\n<tr>\n<td colspan=\"2\" valign=\"bottom\">\n<p align=\"center\"><span style=\"color: #000000; font-family: Calibri; font-size: medium;\">Material: Silver 970<\/span><\/p>\n<\/td>\n<\/tr>\n<tr>\n<td colspan=\"2\" valign=\"bottom\">\n<p align=\"center\"><span style=\"color: #000000; font-family: Calibri; font-size: medium;\">Dimensions: L 70 mm<span class=\"Apple-converted-space\">\u00a0 <\/span>x<span class=\"Apple-converted-space\">\u00a0 A<\/span><span class=\"Apple-converted-space\">\u00a0\u00a0<\/span>11 mm<\/span><\/p>\n<\/td>\n<\/tr>\n<\/tbody>\n<\/table>","protected":false},"excerpt":{"rendered":"<p>Esta joya combina con maestr\u00eda elementos org\u00e1nicos y geom\u00e9tricos para crear un dise\u00f1o \u00fanico y hermoso. Es una pieza versatil y romantica para usar en una ocasi\u00f3n especial. &nbsp; Material: Plata 970 Medidas: L 70 mm\u00a0 x\u00a0 A\u00a0\u00a011 mm<\/p>","protected":false},"featured_media":1295,"comment_status":"open","ping_status":"closed","template":"","meta":{"_joinchat":[]},"product_brand":[],"product_cat":[66],"product_tag":[],"class_list":{"0":"post-1294","1":"product","2":"type-product","3":"status-publish","4":"has-post-thumbnail","6":"product_cat-earrings","8":"first","9":"instock","10":"shipping-taxable","11":"purchasable","12":"product-type-simple"},"jetpack_sharing_enabled":true,"_links":{"self":[{"href":"https:\/\/fabiofiligree.com\/en\/wp-json\/wp\/v2\/product\/1294","targetHints":{"allow":["GET"]}}],"collection":[{"href":"https:\/\/fabiofiligree.com\/en\/wp-json\/wp\/v2\/product"}],"about":[{"href":"https:\/\/fabiofiligree.com\/en\/wp-json\/wp\/v2\/types\/product"}],"replies":[{"embeddable":true,"href":"https:\/\/fabiofiligree.com\/en\/wp-json\/wp\/v2\/comments?post=1294"}],"wp:featuredmedia":[{"embeddable":true,"href":"https:\/\/fabiofiligree.com\/en\/wp-json\/wp\/v2\/media\/1295"}],"wp:attachment":[{"href":"https:\/\/fabiofiligree.com\/en\/wp-json\/wp\/v2\/media?parent=1294"}],"wp:term":[{"taxonomy":"product_brand","embeddable":true,"href":"https:\/\/fabiofiligree.com\/en\/wp-json\/wp\/v2\/product_brand?post=1294"},{"taxonomy":"product_cat","embeddable":true,"href":"https:\/\/fabiofiligree.com\/en\/wp-json\/wp\/v2\/product_cat?post=1294"},{"taxonomy":"product_tag","embeddable":true,"href":"https:\/\/fabiofiligree.com\/en\/wp-json\/wp\/v2\/product_tag?post=1294"}],"curies":[{"name":"wp","href":"https:\/\/api.w.org\/{rel}","templated":true}]}}