{"id":1484,"date":"2024-05-10T21:05:04","date_gmt":"2024-05-10T21:05:04","guid":{"rendered":"https:\/\/fabiofiligree.com\/?post_type=product&#038;p=1484"},"modified":"2024-11-22T05:27:45","modified_gmt":"2024-11-22T05:27:45","slug":"pandero-silver-ring-filigree","status":"publish","type":"product","link":"https:\/\/fabiofiligree.com\/en\/product\/silver-ring-filigree-tambourine\/","title":{"rendered":"Pandero Silver Ring Filigree"},"content":{"rendered":"<p class=\"p1\">With geometric inspiration and ascending thread coils, this adjustable ring in gold or silver will be a perfect complement to any look, day or night.<\/p>\n<p>&nbsp;<\/p>\n<table cellspacing=\"0\" cellpadding=\"0\">\n<tbody>\n<tr>\n<td colspan=\"2\" valign=\"bottom\">\n<p align=\"center\"><span style=\"color: #000000; font-family: Calibri; font-size: medium;\">Material: Silver 970<\/span><\/p>\n<\/td>\n<\/tr>\n<tr>\n<td colspan=\"2\" valign=\"bottom\">\n<p align=\"center\"><span style=\"color: #000000; font-family: Calibri; font-size: medium;\">Measurements:<span class=\"Apple-converted-space\">\u00a0 <\/span>Width 1.6 cm<\/span><\/p>\n<\/td>\n<\/tr>\n<\/tbody>\n<\/table>","protected":false},"excerpt":{"rendered":"<p>De inspiraci\u00f3n geom\u00e9trica y rollos de hilo ascendentes, este anillo ajustable en oro o plata, ser\u00e1 un complemento perfecto para cualquier look, en el d\u00eda o en la noche. &nbsp; Material: Plata 970 Medidas:\u00a0 Ancho 1.6 cm<\/p>","protected":false},"featured_media":1438,"comment_status":"open","ping_status":"closed","template":"","meta":{"_joinchat":[]},"product_brand":[],"product_cat":[63],"product_tag":[],"class_list":{"0":"post-1484","1":"product","2":"type-product","3":"status-publish","4":"has-post-thumbnail","6":"product_cat-rings","8":"first","9":"instock","10":"shipping-taxable","11":"purchasable","12":"product-type-simple"},"jetpack_sharing_enabled":true,"_links":{"self":[{"href":"https:\/\/fabiofiligree.com\/en\/wp-json\/wp\/v2\/product\/1484","targetHints":{"allow":["GET"]}}],"collection":[{"href":"https:\/\/fabiofiligree.com\/en\/wp-json\/wp\/v2\/product"}],"about":[{"href":"https:\/\/fabiofiligree.com\/en\/wp-json\/wp\/v2\/types\/product"}],"replies":[{"embeddable":true,"href":"https:\/\/fabiofiligree.com\/en\/wp-json\/wp\/v2\/comments?post=1484"}],"wp:featuredmedia":[{"embeddable":true,"href":"https:\/\/fabiofiligree.com\/en\/wp-json\/wp\/v2\/media\/1438"}],"wp:attachment":[{"href":"https:\/\/fabiofiligree.com\/en\/wp-json\/wp\/v2\/media?parent=1484"}],"wp:term":[{"taxonomy":"product_brand","embeddable":true,"href":"https:\/\/fabiofiligree.com\/en\/wp-json\/wp\/v2\/product_brand?post=1484"},{"taxonomy":"product_cat","embeddable":true,"href":"https:\/\/fabiofiligree.com\/en\/wp-json\/wp\/v2\/product_cat?post=1484"},{"taxonomy":"product_tag","embeddable":true,"href":"https:\/\/fabiofiligree.com\/en\/wp-json\/wp\/v2\/product_tag?post=1484"}],"curies":[{"name":"wp","href":"https:\/\/api.w.org\/{rel}","templated":true}]}}