{"id":1510,"date":"2024-05-10T21:44:18","date_gmt":"2024-05-10T21:44:18","guid":{"rendered":"https:\/\/fabiofiligree.com\/?post_type=product&#038;p=1510"},"modified":"2025-05-13T00:01:30","modified_gmt":"2025-05-13T00:01:30","slug":"leaf-gold-medium-earrings-filigree","status":"publish","type":"product","link":"https:\/\/fabiofiligree.com\/en\/product\/leaf-gold-medium-earrings-filigree\/","title":{"rendered":"Leaf Gold Medium Earrings Filigree"},"content":{"rendered":"<p class=\"p1\">Carry a piece of nature on you with our medium-sized leaf-shaped moles. The filigree inside is expertly crafted and adds an extra touch of elegance with its finesse.<\/p>\n<p>&nbsp;<\/p>\n<table cellspacing=\"0\" cellpadding=\"0\">\n<tbody>\n<tr>\n<td colspan=\"2\" valign=\"bottom\">\n<p align=\"center\"><span style=\"color: #000000; font-family: Calibri; font-size: medium;\">Material: Gold Plated Silver 970<\/span><\/p>\n<\/td>\n<\/tr>\n<tr>\n<td colspan=\"2\" valign=\"bottom\">\n<p align=\"center\"><span style=\"color: #000000; font-family: Calibri; font-size: medium;\">Dimensions: L 36 mm x W 10 mm<\/span><\/p>\n<\/td>\n<\/tr>\n<\/tbody>\n<\/table>","protected":false},"excerpt":{"rendered":"<p>Lleva una parte de la naturaleza sobre ti, con nuestros topos medianos en forma de hoja. Las filigranas en su interior, est\u00e1n elaboradas con maestr\u00eda y a\u00f1aden un toque extra de elegancia por su finesa. &nbsp; Material: Plata 970 Ba\u00f1ada en Oro Medidas: L 36 mm x W 10 mm<\/p>","protected":false},"featured_media":1390,"comment_status":"open","ping_status":"closed","template":"","meta":{"_joinchat":[]},"product_brand":[],"product_cat":[66],"product_tag":[],"class_list":{"0":"post-1510","1":"product","2":"type-product","3":"status-publish","4":"has-post-thumbnail","6":"product_cat-earrings","8":"first","9":"instock","10":"shipping-taxable","11":"purchasable","12":"product-type-simple"},"jetpack_sharing_enabled":true,"_links":{"self":[{"href":"https:\/\/fabiofiligree.com\/en\/wp-json\/wp\/v2\/product\/1510","targetHints":{"allow":["GET"]}}],"collection":[{"href":"https:\/\/fabiofiligree.com\/en\/wp-json\/wp\/v2\/product"}],"about":[{"href":"https:\/\/fabiofiligree.com\/en\/wp-json\/wp\/v2\/types\/product"}],"replies":[{"embeddable":true,"href":"https:\/\/fabiofiligree.com\/en\/wp-json\/wp\/v2\/comments?post=1510"}],"wp:featuredmedia":[{"embeddable":true,"href":"https:\/\/fabiofiligree.com\/en\/wp-json\/wp\/v2\/media\/1390"}],"wp:attachment":[{"href":"https:\/\/fabiofiligree.com\/en\/wp-json\/wp\/v2\/media?parent=1510"}],"wp:term":[{"taxonomy":"product_brand","embeddable":true,"href":"https:\/\/fabiofiligree.com\/en\/wp-json\/wp\/v2\/product_brand?post=1510"},{"taxonomy":"product_cat","embeddable":true,"href":"https:\/\/fabiofiligree.com\/en\/wp-json\/wp\/v2\/product_cat?post=1510"},{"taxonomy":"product_tag","embeddable":true,"href":"https:\/\/fabiofiligree.com\/en\/wp-json\/wp\/v2\/product_tag?post=1510"}],"curies":[{"name":"wp","href":"https:\/\/api.w.org\/{rel}","templated":true}]}}