{"id":2265,"date":"2024-09-28T02:45:19","date_gmt":"2024-09-28T02:45:19","guid":{"rendered":"https:\/\/fabiofiligree.com\/?post_type=product&#038;p=2265"},"modified":"2025-08-26T21:25:32","modified_gmt":"2025-08-26T21:25:32","slug":"rain-wave-silver-necklage-filigree","status":"publish","type":"product","link":"https:\/\/fabiofiligree.com\/en\/product\/rain-wave-silver-necklage-filigree\/","title":{"rendered":"Silver Filigree Necklace RAIN"},"content":{"rendered":"<p class=\"p1\">The energy of a small drop of rain to accompany you in the day or at night, I said delicate and subtle. Definitely a \"must have\" ideal for any occasion.<\/p>\n<p>&nbsp;<\/p>\n<table cellspacing=\"0\" cellpadding=\"0\">\n<tbody>\n<tr>\n<td colspan=\"2\" valign=\"bottom\">\n<p align=\"center\"><span style=\"color: #000000; font-family: Calibri; font-size: medium;\">Material:<span class=\"Apple-converted-space\">\u00a0 Silver 970<\/span><\/span><\/p>\n<\/td>\n<\/tr>\n<tr>\n<td colspan=\"2\" valign=\"bottom\">\n<p align=\"center\"><span style=\"color: #000000; font-family: Calibri; font-size: medium;\">Measurements: Length 4 x 1 cm width<\/span><\/p>\n<p align=\"center\"><span style=\"color: #000000;\">Length of chains: 40-45-50 cm <\/span><\/p>\n<\/td>\n<\/tr>\n<\/tbody>\n<\/table>","protected":false},"excerpt":{"rendered":"<p>La energ\u00eda de una peque\u00f1a gota de lluvia para acompa\u00f1arte en el d\u00eda o en la noche, dije delicado y s\u00fatil. Definitivamente un \u00abmust have\u00bb ideal para cualquier ocasi\u00f3n. &nbsp; Material:\u00a0 Plata 970 Medidas: Largo 4 x 1 cm ancho Largo cadenas: 40-45-50 cm<\/p>","protected":false},"featured_media":2266,"comment_status":"open","ping_status":"closed","template":"","meta":{"_joinchat":[]},"product_brand":[],"product_cat":[65],"product_tag":[],"class_list":{"0":"post-2265","1":"product","2":"type-product","3":"status-publish","4":"has-post-thumbnail","6":"product_cat-necklages","8":"first","9":"instock","10":"shipping-taxable","11":"purchasable","12":"product-type-simple"},"jetpack_sharing_enabled":true,"_links":{"self":[{"href":"https:\/\/fabiofiligree.com\/en\/wp-json\/wp\/v2\/product\/2265","targetHints":{"allow":["GET"]}}],"collection":[{"href":"https:\/\/fabiofiligree.com\/en\/wp-json\/wp\/v2\/product"}],"about":[{"href":"https:\/\/fabiofiligree.com\/en\/wp-json\/wp\/v2\/types\/product"}],"replies":[{"embeddable":true,"href":"https:\/\/fabiofiligree.com\/en\/wp-json\/wp\/v2\/comments?post=2265"}],"wp:featuredmedia":[{"embeddable":true,"href":"https:\/\/fabiofiligree.com\/en\/wp-json\/wp\/v2\/media\/2266"}],"wp:attachment":[{"href":"https:\/\/fabiofiligree.com\/en\/wp-json\/wp\/v2\/media?parent=2265"}],"wp:term":[{"taxonomy":"product_brand","embeddable":true,"href":"https:\/\/fabiofiligree.com\/en\/wp-json\/wp\/v2\/product_brand?post=2265"},{"taxonomy":"product_cat","embeddable":true,"href":"https:\/\/fabiofiligree.com\/en\/wp-json\/wp\/v2\/product_cat?post=2265"},{"taxonomy":"product_tag","embeddable":true,"href":"https:\/\/fabiofiligree.com\/en\/wp-json\/wp\/v2\/product_tag?post=2265"}],"curies":[{"name":"wp","href":"https:\/\/api.w.org\/{rel}","templated":true}]}}