{"id":1350,"date":"2024-05-10T16:37:43","date_gmt":"2024-05-10T16:37:43","guid":{"rendered":"https:\/\/fabiofiligree.com\/?page_id=1350"},"modified":"2024-10-24T02:05:00","modified_gmt":"2024-10-24T02:05:00","slug":"devoluciones-cambios","status":"publish","type":"page","link":"https:\/\/fabiofiligree.com\/fr\/retours-echanges\/","title":{"rendered":"RETOURS \/ \u00c9CHANGES\u2028"},"content":{"rendered":"<div data-elementor-type=\"wp-page\" data-elementor-id=\"1350\" class=\"elementor elementor-1350\" data-elementor-post-type=\"page\">\n\t\t\t\t<div class=\"elementor-element elementor-element-427e449 e-flex e-con-boxed kitify-col-width-auto-no ignore-docs-style-no kitify-disable-relative-no e-root-container elementor-top-section e-con e-parent\" data-id=\"427e449\" data-element_type=\"container\" data-e-type=\"container\">\n\t\t\t\t\t<div class=\"e-con-inner\">\n\t\t\t\t<div class=\"elementor-element elementor-element-17f5d41 kitify-breadcrumbs-page-title-yes elementor-widget kitify elementor-kitify-breadcrumbs\" data-id=\"17f5d41\" data-element_type=\"widget\" data-e-type=\"widget\" data-widget_type=\"kitify-breadcrumbs.default\">\n\t\t\t\t<div class=\"elementor-widget-container\">\n\t\t\t\t\t\n\t\t<div class=\"kitify-breadcrumbs\">\n\t\t<div class=\"kitify-breadcrumbs__content\">\n\t\t<div class=\"kitify-breadcrumbs__wrap\"><div class=\"kitify-breadcrumbs__item\"><a href=\"https:\/\/fabiofiligree.com\/fr\/\" class=\"kitify-breadcrumbs__item-link is-home\" rel=\"home\" title=\"Home\">Home<\/a><\/div>\n\t\t<\/div>\n\t\t<\/div>\n\t\t<\/div>\t\t\t\t<\/div>\n\t\t\t\t<\/div>\n\t\t\t\t\t<\/div>\n\t\t\t\t<\/div>\n\t\t<div class=\"elementor-element elementor-element-222426c e-flex e-con-boxed kitify-col-width-auto-no ignore-docs-style-no kitify-disable-relative-no e-root-container elementor-top-section e-con e-parent\" data-id=\"222426c\" data-element_type=\"container\" data-e-type=\"container\">\n\t\t\t\t\t<div class=\"e-con-inner\">\n\t\t\t\t<div class=\"elementor-element elementor-element-9b08163 elementor-widget elementor-widget-text-editor\" data-id=\"9b08163\" data-element_type=\"widget\" data-e-type=\"widget\" data-widget_type=\"text-editor.default\">\n\t\t\t\t<div class=\"elementor-widget-container\">\n\t\t\t\t\t\t\t\t\t<p>\u00a0<\/p><p>\u00a0<\/p><p class=\"p1\">Tenez compte des points suivants :<\/p><ul><li class=\"p1\">Nous voulons que vous soyez totalement satisfait de votre achat. N\u2019h\u00e9sitez pas \u00e0 nous contacter dans les 15 jours suivant la r\u00e9ception de votre commande si elle pr\u00e9sente des anomalies afin que nous puissions trouver une solution appropri\u00e9e.<\/li><li class=\"p1\"><span style=\"font-size: inherit; color: var( --e-global-color-text ); text-align: var(--text-align); background-color: var(--site-bg-color); font-family: var(--site-main-font); font-weight: var(--site-font-weight);\">Tout retour ou \u00e9change doit \u00eatre pr\u00e9alablement approuv\u00e9 avant d'\u00eatre renvoy\u00e9, communiquez avec nous \u00e0\u00a0 <a href=\"mailto:info@soniabandulet.com\"><b>info@fabiofiligree.com<\/b><\/a><b>\u00a0 <\/b>et exposez-nous votre cas.<\/span><\/li><li class=\"p1\"><p>Les frais d'exp\u00e9dition pour tout remboursement ou \u00e9change de marchandises sont \u00e0 la charge de l'acheteur et le bijou doit \u00eatre retourn\u00e9 dans les m\u00eames conditions qu'il a \u00e9t\u00e9 envoy\u00e9 initialement lors de l'achat.<\/p><\/li><li><p>Les frais d'exp\u00e9dition de l'achat initial ne sont pas remboursables.<\/p><\/li><\/ul><p class=\"p1\"><span style=\"font-size: inherit; color: var( --e-global-color-text ); text-align: var(--text-align); background-color: var(--site-bg-color); font-family: var(--site-main-font); font-weight: var(--site-font-weight);\">\u00a0<\/span><\/p>\t\t\t\t\t\t\t\t<\/div>\n\t\t\t\t<\/div>\n\t\t\t\t\t<\/div>\n\t\t\t\t<\/div>\n\t\t\t\t<\/div>","protected":false},"excerpt":{"rendered":"<p>Accueil Veuillez noter les points suivants : Nous souhaitons que vous soyez enti\u00e8rement satisfait de votre achat, n'h\u00e9sitez pas \u00e0 nous contacter dans les 15 jours suivant la r\u00e9ception de votre commande si celle-ci pr\u00e9sente des anomalies, afin que nous puissions trouver une solution adapt\u00e9e. Tout retour ou \u00e9change doit faire l'objet d'un accord pr\u00e9alable avant d'\u00eatre renvoy\u00e9 \u00e0 notre entrep\u00f4t.<\/p>","protected":false},"author":1,"featured_media":0,"parent":0,"menu_order":0,"comment_status":"closed","ping_status":"closed","template":"elementor_header_footer","meta":{"_joinchat":[],"footnotes":""},"class_list":["post-1350","page","type-page","status-publish","hentry"],"jetpack_sharing_enabled":true,"_links":{"self":[{"href":"https:\/\/fabiofiligree.com\/fr\/wp-json\/wp\/v2\/pages\/1350","targetHints":{"allow":["GET"]}}],"collection":[{"href":"https:\/\/fabiofiligree.com\/fr\/wp-json\/wp\/v2\/pages"}],"about":[{"href":"https:\/\/fabiofiligree.com\/fr\/wp-json\/wp\/v2\/types\/page"}],"author":[{"embeddable":true,"href":"https:\/\/fabiofiligree.com\/fr\/wp-json\/wp\/v2\/users\/1"}],"replies":[{"embeddable":true,"href":"https:\/\/fabiofiligree.com\/fr\/wp-json\/wp\/v2\/comments?post=1350"}],"version-history":[{"count":31,"href":"https:\/\/fabiofiligree.com\/fr\/wp-json\/wp\/v2\/pages\/1350\/revisions"}],"predecessor-version":[{"id":2711,"href":"https:\/\/fabiofiligree.com\/fr\/wp-json\/wp\/v2\/pages\/1350\/revisions\/2711"}],"wp:attachment":[{"href":"https:\/\/fabiofiligree.com\/fr\/wp-json\/wp\/v2\/media?parent=1350"}],"curies":[{"name":"wp","href":"https:\/\/api.w.org\/{rel}","templated":true}]}}