{"id":1366,"date":"2024-05-10T16:49:50","date_gmt":"2024-05-10T16:49:50","guid":{"rendered":"https:\/\/fabiofiligree.com\/?page_id=1366"},"modified":"2025-02-07T00:25:45","modified_gmt":"2025-02-07T00:25:45","slug":"guia-para-escoger-anillos","status":"publish","type":"page","link":"https:\/\/fabiofiligree.com\/fr\/guide-pour-le-choix-des-bagues\/","title":{"rendered":"GUIDE POUR CHOISIR LES BAGUES :"},"content":{"rendered":"<div data-elementor-type=\"wp-page\" data-elementor-id=\"1366\" class=\"elementor elementor-1366\" data-elementor-post-type=\"page\">\n\t\t\t\t<div class=\"elementor-element elementor-element-b1b9167 e-flex e-con-boxed kitify-col-width-auto-no ignore-docs-style-no kitify-disable-relative-no e-root-container elementor-top-section e-con e-parent\" data-id=\"b1b9167\" data-element_type=\"container\" data-e-type=\"container\">\n\t\t\t\t\t<div class=\"e-con-inner\">\n\t\t\t\t<div class=\"elementor-element elementor-element-38c426c kitify-breadcrumbs-page-title-yes elementor-widget kitify elementor-kitify-breadcrumbs\" data-id=\"38c426c\" data-element_type=\"widget\" data-e-type=\"widget\" data-widget_type=\"kitify-breadcrumbs.default\">\n\t\t\t\t<div class=\"elementor-widget-container\">\n\t\t\t\t\t\n\t\t<div class=\"kitify-breadcrumbs\">\n\t\t<div class=\"kitify-breadcrumbs__content\">\n\t\t<div class=\"kitify-breadcrumbs__wrap\"><div class=\"kitify-breadcrumbs__item\"><a href=\"https:\/\/fabiofiligree.com\/fr\/\" class=\"kitify-breadcrumbs__item-link is-home\" rel=\"home\" title=\"Home\">Home<\/a><\/div>\n\t\t<\/div>\n\t\t<\/div>\n\t\t<\/div>\t\t\t\t<\/div>\n\t\t\t\t<\/div>\n\t\t\t\t\t<\/div>\n\t\t\t\t<\/div>\n\t\t<div class=\"elementor-element elementor-element-12f9010 e-flex e-con-boxed kitify-col-width-auto-no ignore-docs-style-no kitify-disable-relative-no e-root-container elementor-top-section e-con e-parent\" data-id=\"12f9010\" data-element_type=\"container\" data-e-type=\"container\">\n\t\t\t\t\t<div class=\"e-con-inner\">\n\t\t\t\t<div class=\"elementor-element elementor-element-4a997c9 elementor-widget elementor-widget-text-editor\" data-id=\"4a997c9\" data-element_type=\"widget\" data-e-type=\"widget\" data-widget_type=\"text-editor.default\">\n\t\t\t\t<div class=\"elementor-widget-container\">\n\t\t\t\t\t\t\t\t\t<p>\u00a0<\/p><ol class=\"ul1\"><li class=\"li2\"><span class=\"s2\">S\u00e9lectionnez une bague existante qui s'ajuste \u00e0 la taille d\u00e9sir\u00e9e<\/span><\/li><li class=\"li2\"><span class=\"s2\">Mesurer le diam\u00e8tre int\u00e9rieur de l'anneau en mm, en ligne droite du bord vers l'int\u00e9rieur (Fig.2).<\/span><\/li><li class=\"li3\"><span class=\"s2\">Utilisez le tableau de conversion des tailles pour trouver votre taille de bague (Fig.1).<\/span><\/li><\/ol><p class=\"p8\">Tableau de mesure pour la taille de bague :<\/p><p class=\"p7\"><span class=\"Apple-converted-space\">\u00a0\u00a0 \u00a0 \u00a0 \u00a0 \u00a0 \u00a0 \u00a0 \u00a0 \u00a0 \u00a0 \u00a0 \u00a0 \u00a0 \u00a0 \u00a0 \u00a0 \u00a0 \u00a0 \u00a0 \u00a0 \u00a0 \u00a0 \u00a0 \u00a0 \u00a0 \u00a0 \u00a0 \u00a0 \u00a0 \u00a0 \u00a0 <\/span><b><\/b><\/p>\t\t\t\t\t\t\t\t<\/div>\n\t\t\t\t<\/div>\n\t\t\t\t\t<\/div>\n\t\t\t\t<\/div>\n\t\t<div class=\"elementor-element elementor-element-da3d889 e-flex e-con-boxed kitify-col-width-auto-no ignore-docs-style-no kitify-disable-relative-no e-root-container elementor-top-section e-con e-parent\" data-id=\"da3d889\" data-element_type=\"container\" data-e-type=\"container\">\n\t\t\t\t\t<div class=\"e-con-inner\">\n\t\t<div class=\"elementor-element elementor-element-56db938 e-con-full e-flex kitify-col-width-auto-no ignore-docs-style-no kitify-disable-relative-no e-con e-child\" data-id=\"56db938\" data-element_type=\"container\" data-e-type=\"container\">\n\t\t\t\t<div class=\"elementor-element elementor-element-905174e elementor-widget elementor-widget-image\" data-id=\"905174e\" data-element_type=\"widget\" data-e-type=\"widget\" data-widget_type=\"image.default\">\n\t\t\t\t<div class=\"elementor-widget-container\">\n\t\t\t\t\t\t\t\t\t\t\t\t\t\t\t<img fetchpriority=\"high\" decoding=\"async\" width=\"1024\" height=\"576\" src=\"https:\/\/fabiofiligree.com\/wp-content\/uploads\/2024\/10\/tabla_med_FR-scaled.jpg\" class=\"attachment-large size-large wp-image-2363\" alt=\"\" srcset=\"https:\/\/fabiofiligree.com\/wp-content\/uploads\/2024\/10\/tabla_med_FR-scaled.jpg 2560w, https:\/\/fabiofiligree.com\/wp-content\/uploads\/2024\/10\/tabla_med_FR-300x169.jpg 300w, https:\/\/fabiofiligree.com\/wp-content\/uploads\/2024\/10\/tabla_med_FR-1024x576.jpg 1024w, https:\/\/fabiofiligree.com\/wp-content\/uploads\/2024\/10\/tabla_med_FR-768x432.jpg 768w, https:\/\/fabiofiligree.com\/wp-content\/uploads\/2024\/10\/tabla_med_FR-1536x864.jpg 1536w, https:\/\/fabiofiligree.com\/wp-content\/uploads\/2024\/10\/tabla_med_FR-2048x1152.jpg 2048w, https:\/\/fabiofiligree.com\/wp-content\/uploads\/2024\/10\/tabla_med_FR-18x10.jpg 18w, https:\/\/fabiofiligree.com\/wp-content\/uploads\/2024\/10\/tabla_med_FR-1000x563.jpg 1000w\" sizes=\"(max-width: 1024px) 100vw, 1024px\" \/>\t\t\t\t\t\t\t\t\t\t\t\t\t\t\t<\/div>\n\t\t\t\t<\/div>\n\t\t\t\t<div class=\"elementor-element elementor-element-24fea7d elementor-widget elementor-widget-heading\" data-id=\"24fea7d\" data-element_type=\"widget\" data-e-type=\"widget\" data-widget_type=\"heading.default\">\n\t\t\t\t<div class=\"elementor-widget-container\">\n\t\t\t\t\t<h2 class=\"elementor-heading-title elementor-size-default\"> Fig.1\u00a0 \u00a0 <\/h2>\t\t\t\t<\/div>\n\t\t\t\t<\/div>\n\t\t\t\t<\/div>\n\t\t<div class=\"elementor-element elementor-element-23af5f5 e-con-full e-flex kitify-col-width-auto-no ignore-docs-style-no kitify-disable-relative-no e-con e-child\" data-id=\"23af5f5\" data-element_type=\"container\" data-e-type=\"container\">\n\t\t\t\t<div class=\"elementor-element elementor-element-ee306b4 elementor-widget elementor-widget-image\" data-id=\"ee306b4\" data-element_type=\"widget\" data-e-type=\"widget\" data-widget_type=\"image.default\">\n\t\t\t\t<div class=\"elementor-widget-container\">\n\t\t\t\t\t\t\t\t\t\t\t\t\t\t\t<img decoding=\"async\" width=\"1024\" height=\"576\" src=\"https:\/\/fabiofiligree.com\/wp-content\/uploads\/2024\/10\/SIZE_ring_FR-scaled.jpg\" class=\"attachment-large size-large wp-image-2364\" alt=\"\" srcset=\"https:\/\/fabiofiligree.com\/wp-content\/uploads\/2024\/10\/SIZE_ring_FR-scaled.jpg 2560w, https:\/\/fabiofiligree.com\/wp-content\/uploads\/2024\/10\/SIZE_ring_FR-300x169.jpg 300w, https:\/\/fabiofiligree.com\/wp-content\/uploads\/2024\/10\/SIZE_ring_FR-1024x576.jpg 1024w, https:\/\/fabiofiligree.com\/wp-content\/uploads\/2024\/10\/SIZE_ring_FR-768x432.jpg 768w, https:\/\/fabiofiligree.com\/wp-content\/uploads\/2024\/10\/SIZE_ring_FR-1536x864.jpg 1536w, https:\/\/fabiofiligree.com\/wp-content\/uploads\/2024\/10\/SIZE_ring_FR-2048x1152.jpg 2048w, https:\/\/fabiofiligree.com\/wp-content\/uploads\/2024\/10\/SIZE_ring_FR-18x10.jpg 18w, https:\/\/fabiofiligree.com\/wp-content\/uploads\/2024\/10\/SIZE_ring_FR-1000x563.jpg 1000w\" sizes=\"(max-width: 1024px) 100vw, 1024px\" \/>\t\t\t\t\t\t\t\t\t\t\t\t\t\t\t<\/div>\n\t\t\t\t<\/div>\n\t\t\t\t<div class=\"elementor-element elementor-element-b8ea715 elementor-widget elementor-widget-heading\" data-id=\"b8ea715\" data-element_type=\"widget\" data-e-type=\"widget\" data-widget_type=\"heading.default\">\n\t\t\t\t<div class=\"elementor-widget-container\">\n\t\t\t\t\t<h2 class=\"elementor-heading-title elementor-size-default\"> Fig.2<\/h2>\t\t\t\t<\/div>\n\t\t\t\t<\/div>\n\t\t\t\t<\/div>\n\t\t\t\t\t<\/div>\n\t\t\t\t<\/div>\n\t\t\t\t<\/div>","protected":false},"excerpt":{"rendered":"<p>Accueil S\u00e9lectionnez une bague existante qui convient au doigt souhait\u00e9 Mesurez le diam\u00e8tre int\u00e9rieur de la bague en mm, en ligne droite du bord vers l'int\u00e9rieur. (Fig.2) Utilisez le tableau de conversion des mesures pour trouver votre taille de bague. (Fig.1) Tableau de conversion des mesures pour la taille de bague : ...<\/p>","protected":false},"author":1,"featured_media":0,"parent":0,"menu_order":0,"comment_status":"closed","ping_status":"closed","template":"elementor_header_footer","meta":{"_joinchat":[],"footnotes":""},"class_list":["post-1366","page","type-page","status-publish","hentry"],"jetpack_sharing_enabled":true,"_links":{"self":[{"href":"https:\/\/fabiofiligree.com\/fr\/wp-json\/wp\/v2\/pages\/1366","targetHints":{"allow":["GET"]}}],"collection":[{"href":"https:\/\/fabiofiligree.com\/fr\/wp-json\/wp\/v2\/pages"}],"about":[{"href":"https:\/\/fabiofiligree.com\/fr\/wp-json\/wp\/v2\/types\/page"}],"author":[{"embeddable":true,"href":"https:\/\/fabiofiligree.com\/fr\/wp-json\/wp\/v2\/users\/1"}],"replies":[{"embeddable":true,"href":"https:\/\/fabiofiligree.com\/fr\/wp-json\/wp\/v2\/comments?post=1366"}],"version-history":[{"count":31,"href":"https:\/\/fabiofiligree.com\/fr\/wp-json\/wp\/v2\/pages\/1366\/revisions"}],"predecessor-version":[{"id":2708,"href":"https:\/\/fabiofiligree.com\/fr\/wp-json\/wp\/v2\/pages\/1366\/revisions\/2708"}],"wp:attachment":[{"href":"https:\/\/fabiofiligree.com\/fr\/wp-json\/wp\/v2\/media?parent=1366"}],"curies":[{"name":"wp","href":"https:\/\/api.w.org\/{rel}","templated":true}]}}