{"id":2453,"date":"2024-10-11T15:40:24","date_gmt":"2024-10-11T15:40:24","guid":{"rendered":"https:\/\/fabiofiligree.com\/?page_id=2453"},"modified":"2024-12-02T23:48:42","modified_gmt":"2024-12-02T23:48:42","slug":"envios","status":"publish","type":"page","link":"https:\/\/fabiofiligree.com\/fr\/envois\/","title":{"rendered":"Exp\u00e9dition"},"content":{"rendered":"<div data-elementor-type=\"wp-page\" data-elementor-id=\"2453\" class=\"elementor elementor-2453\" data-elementor-post-type=\"page\">\n\t\t\t\t<div class=\"elementor-element elementor-element-063412f e-flex e-con-boxed kitify-col-width-auto-no ignore-docs-style-no kitify-disable-relative-no e-root-container elementor-top-section e-con e-parent\" data-id=\"063412f\" data-element_type=\"container\" data-e-type=\"container\">\n\t\t\t\t\t<div class=\"e-con-inner\">\n\t\t\t\t<div class=\"elementor-element elementor-element-7c2fea6 kitify-breadcrumbs-page-title-yes elementor-widget kitify elementor-kitify-breadcrumbs\" data-id=\"7c2fea6\" data-element_type=\"widget\" data-e-type=\"widget\" data-widget_type=\"kitify-breadcrumbs.default\">\n\t\t\t\t<div class=\"elementor-widget-container\">\n\t\t\t\t\t\n\t\t<div class=\"kitify-breadcrumbs\">\n\t\t<div class=\"kitify-breadcrumbs__content\">\n\t\t<div class=\"kitify-breadcrumbs__wrap\"><div class=\"kitify-breadcrumbs__item\"><a href=\"https:\/\/fabiofiligree.com\/fr\/\" class=\"kitify-breadcrumbs__item-link is-home\" rel=\"home\" title=\"Home\">Home<\/a><\/div>\n\t\t<\/div>\n\t\t<\/div>\n\t\t<\/div>\t\t\t\t<\/div>\n\t\t\t\t<\/div>\n\t\t\t\t\t<\/div>\n\t\t\t\t<\/div>\n\t\t<div class=\"elementor-element elementor-element-4cf2ed3 e-flex e-con-boxed kitify-col-width-auto-no ignore-docs-style-no kitify-disable-relative-no e-root-container elementor-top-section e-con e-parent\" data-id=\"4cf2ed3\" data-element_type=\"container\" data-e-type=\"container\">\n\t\t\t\t\t<div class=\"e-con-inner\">\n\t\t\t\t<div class=\"elementor-element elementor-element-eaec794 elementor-widget elementor-widget-image\" data-id=\"eaec794\" data-element_type=\"widget\" data-e-type=\"widget\" data-widget_type=\"image.default\">\n\t\t\t\t<div class=\"elementor-widget-container\">\n\t\t\t\t\t\t\t\t\t\t\t\t\t\t\t<img fetchpriority=\"high\" decoding=\"async\" width=\"1024\" height=\"576\" src=\"https:\/\/fabiofiligree.com\/wp-content\/uploads\/2024\/09\/IMG_1736-1024x576.jpeg\" class=\"attachment-large size-large wp-image-2022\" alt=\"\" srcset=\"https:\/\/fabiofiligree.com\/wp-content\/uploads\/2024\/09\/IMG_1736-1024x576.jpeg 1024w, https:\/\/fabiofiligree.com\/wp-content\/uploads\/2024\/09\/IMG_1736-300x169.jpeg 300w, https:\/\/fabiofiligree.com\/wp-content\/uploads\/2024\/09\/IMG_1736-768x432.jpeg 768w, https:\/\/fabiofiligree.com\/wp-content\/uploads\/2024\/09\/IMG_1736-1536x864.jpeg 1536w, https:\/\/fabiofiligree.com\/wp-content\/uploads\/2024\/09\/IMG_1736-2048x1152.jpeg 2048w, https:\/\/fabiofiligree.com\/wp-content\/uploads\/2024\/09\/IMG_1736-18x10.jpeg 18w, https:\/\/fabiofiligree.com\/wp-content\/uploads\/2024\/09\/IMG_1736-1000x563.jpeg 1000w\" sizes=\"(max-width: 1024px) 100vw, 1024px\" \/>\t\t\t\t\t\t\t\t\t\t\t\t\t\t\t<\/div>\n\t\t\t\t<\/div>\n\t\t\t\t<div class=\"elementor-element elementor-element-d0b0606 elementor-widget elementor-widget-text-editor\" data-id=\"d0b0606\" data-element_type=\"widget\" data-e-type=\"widget\" data-widget_type=\"text-editor.default\">\n\t\t\t\t<div class=\"elementor-widget-container\">\n\t\t\t\t\t\t\t\t\t-Toutes les commandes sont exp\u00e9di\u00e9es de Montr\u00e9al, Canada, et quitteront le studio dans un d\u00e9lai de 2 \u00e0 5 jours ouvrables.\n\n-Votre bijou sera plac\u00e9 dans une bo\u00eete cadeau et prot\u00e9g\u00e9 pour l'exp\u00e9dition.\n\n-Veuillez vous r\u00e9f\u00e9rer \u00e0 la liste suivante pour conna\u00eetre les dates approximatives de livraison une fois votre commande trait\u00e9e.\n<h4 dir=\"ltr\" style=\"line-height: 1.2; margin-top: 14pt; margin-bottom: 14pt;\"><span style=\"font-size: 11pt; font-family: Calibri,sans-serif; color: #000000; background-color: transparent; font-weight: bold; font-style: normal; font-variant: normal; text-decoration: underline; -webkit-text-decoration-skip: none; text-decoration-skip-ink: none; vertical-align: baseline; white-space: pre-wrap;\">Canada :<\/span><\/h4>\n<h4 dir=\"ltr\" style=\"line-height: 1.2; margin-top: 14pt; margin-bottom: 14pt;\"><span style=\"font-size: 11pt; font-family: Calibri,sans-serif; color: #23303d; background-color: transparent; font-weight: bold; font-style: normal; font-variant: normal; text-decoration: none; vertical-align: baseline; white-space: pre-wrap;\">Livraison r\u00e9guli\u00e8re<\/span><span style=\"font-size: 11pt; font-family: Calibri,sans-serif; color: #23303d; background-color: transparent; font-weight: 400; font-style: normal; font-variant: normal; text-decoration: none; vertical-align: baseline; white-space: pre-wrap;\"> \/ Pas de num\u00e9ro de suivi ni d'assurance<\/span><\/h4>\n<h4 dir=\"ltr\" style=\"line-height: 1.44; background-color: #fefbfa; margin-top: 0pt; margin-bottom: 0pt; padding: -7pt 0pt 7pt 0pt;\"><span style=\"font-size: 11pt; font-family: Calibri,sans-serif; color: #23303d; background-color: transparent; font-weight: 400; font-style: normal; font-variant: normal; text-decoration: none; vertical-align: baseline; white-space: pre-wrap;\">2-5 jours (Qu\u00e9bec)<\/span><\/h4>\n<h4 dir=\"ltr\" style=\"line-height: 1.44; background-color: #fefbfa; margin-top: 0pt; margin-bottom: 0pt; padding: -7pt 0pt 7pt 0pt;\"><span style=\"font-size: 11pt; font-family: Calibri,sans-serif; color: #23303d; background-color: transparent; font-weight: 400; font-style: normal; font-variant: normal; text-decoration: none; vertical-align: baseline; white-space: pre-wrap;\">5-15 jours (Canada)<\/span><\/h4>\n<h4 dir=\"ltr\" style=\"line-height: 1.2; margin-top: 14pt; margin-bottom: 14pt;\"><span style=\"font-size: 11pt; font-family: Calibri,sans-serif; color: #23303d; background-color: transparent; font-weight: 400; font-style: normal; font-variant: normal; text-decoration: none; vertical-align: baseline; white-space: pre-wrap;\">Moins de 95$ : 4.95$ \/ 95$ \u00e0 200$ : GRATUIT<\/span><\/h4>\n\n<hr \/>\n\n<h4 dir=\"ltr\" style=\"line-height: 1.2; margin-top: 14pt; margin-bottom: 14pt;\"><span style=\"font-size: 11pt; font-family: Calibri,sans-serif; color: #23303d; background-color: transparent; font-weight: bold; font-style: normal; font-variant: normal; text-decoration: none; vertical-align: baseline; white-space: pre-wrap;\">Exp\u00e9dition acc\u00e9l\u00e9r\u00e9e<\/span><span style=\"font-size: 11pt; font-family: Calibri,sans-serif; color: #23303d; background-color: transparent; font-weight: 400; font-style: normal; font-variant: normal; text-decoration: none; vertical-align: baseline; white-space: pre-wrap;\"> \/ Avec num\u00e9ro de guide et assurance<\/span><\/h4>\n<h4 dir=\"ltr\" style=\"line-height: 1.44; background-color: #fefbfa; margin-top: 0pt; margin-bottom: 0pt; padding: -7pt 0pt 7pt 0pt;\"><span style=\"font-size: 11pt; font-family: Calibri,sans-serif; color: #23303d; background-color: transparent; font-weight: 400; font-style: normal; font-variant: normal; text-decoration: none; vertical-align: baseline; white-space: pre-wrap;\">2 jours (Qu\u00e9bec)<\/span><\/h4>\n<h4 dir=\"ltr\" style=\"line-height: 1.44; background-color: #fefbfa; margin-top: 0pt; margin-bottom: 0pt; padding: -7pt 0pt 7pt 0pt;\"><span style=\"font-size: 11pt; font-family: Calibri,sans-serif; color: #23303d; background-color: transparent; font-weight: 400; font-style: normal; font-variant: normal; text-decoration: none; vertical-align: baseline; white-space: pre-wrap;\">5 jours (Canada)<\/span><\/h4>\n<h4 dir=\"ltr\" style=\"line-height: 1.2; margin-top: 14pt; margin-bottom: 14pt;\"><span style=\"font-size: 11pt; font-family: Calibri,sans-serif; color: #23303d; background-color: transparent; font-weight: 400; font-style: normal; font-variant: normal; text-decoration: none; vertical-align: baseline; white-space: pre-wrap;\">Moins de 120$ : 18$ \/ 120$ \u00e0 150$:15 \/ 150$ \u00e0 250$ : $13 \/ 250\/ ET+ : GRATUIT<\/span><\/h4>\n\n<hr \/>\n\n<h4 dir=\"ltr\"><\/h4>\n<h4 dir=\"ltr\" style=\"line-height: 1.2; background-color: #fefbfa; margin-top: 0pt; margin-bottom: 0pt; padding: 0pt 0pt 6pt 0pt;\"><span style=\"font-size: 11pt; font-family: Calibri,sans-serif; color: #23303d; background-color: transparent; font-weight: bold; font-style: normal; font-variant: normal; text-decoration: underline; -webkit-text-decoration-skip: none; text-decoration-skip-ink: none; vertical-align: baseline; white-space: pre-wrap;\">\u00c9tats-Unis :<\/span><\/h4>\n<h4 dir=\"ltr\" style=\"line-height: 1.44; background-color: #fefbfa; margin-top: 0pt; margin-bottom: 0pt; padding: 1pt 0pt 7pt 0pt;\"><span style=\"font-size: 11pt; font-family: Calibri,sans-serif; color: #23303d; background-color: transparent; font-weight: bold; font-style: normal; font-variant: normal; text-decoration: none; vertical-align: baseline; white-space: pre-wrap;\">Petit paquet \/ <\/span><span style=\"font-size: 11pt; font-family: Calibri,sans-serif; color: #23303d; background-color: transparent; font-weight: 400; font-style: normal; font-variant: normal; text-decoration: none; vertical-align: baseline; white-space: pre-wrap;\">Pas de num\u00e9ro de suivi ni d'assurance<\/span><\/h4>\n<h4 dir=\"ltr\" style=\"line-height: 1.2; background-color: #fefbfa; margin-top: 0pt; margin-bottom: 0pt; padding: -1pt 0pt 6pt 0pt;\"><span style=\"font-size: 11pt; font-family: Calibri,sans-serif; color: #23303d; background-color: transparent; font-weight: 400; font-style: normal; font-variant: normal; text-decoration: none; vertical-align: baseline; white-space: pre-wrap;\">Jusqu'\u00e0 21 jours ouvrables<\/span><\/h4>\n&nbsp;\n<h4 dir=\"ltr\" style=\"line-height: 1.2; background-color: #fefbfa; margin-top: 0pt; margin-bottom: 0pt; padding: -1pt 0pt 6pt 0pt;\"><span style=\"font-size: 11pt; font-family: Calibri,sans-serif; color: #23303d; background-color: transparent; font-weight: 400; font-style: normal; font-variant: normal; text-decoration: none; vertical-align: baseline; white-space: pre-wrap;\">Moins de 150$ : 12$ \/ 150$ ET+ : GRATUIT<\/span><\/h4>\n&nbsp;\n\n<hr \/>\n\n<h4 dir=\"ltr\"><\/h4>\n<h4 dir=\"ltr\" style=\"line-height: 1.44; background-color: #fefbfa; margin-top: 0pt; margin-bottom: 0pt; padding: 1pt 0pt 7pt 0pt;\"><span style=\"font-size: 11pt; font-family: Calibri,sans-serif; color: #23303d; background-color: transparent; font-weight: bold; font-style: normal; font-variant: normal; text-decoration: none; vertical-align: baseline; white-space: pre-wrap;\">Paquet rep\u00e9rable \/ <\/span><span style=\"font-size: 11pt; font-family: Calibri,sans-serif; color: #23303d; background-color: transparent; font-weight: 400; font-style: normal; font-variant: normal; text-decoration: none; vertical-align: baseline; white-space: pre-wrap;\">Avec num\u00e9ro de guide et assurance<\/span><\/h4>\n<h4 dir=\"ltr\" style=\"line-height: 1.2; background-color: #fefbfa; margin-top: 0pt; margin-bottom: 0pt; padding: -1pt 0pt 6pt 0pt;\"><span style=\"font-size: 11pt; font-family: Calibri,sans-serif; color: #23303d; background-color: transparent; font-weight: 400; font-style: normal; font-variant: normal; text-decoration: none; vertical-align: baseline; white-space: pre-wrap;\">6 - 11 jours ouvrables<\/span><\/h4>\n&nbsp;\n<h4 dir=\"ltr\" style=\"line-height: 1.2; background-color: #fefbfa; margin-top: 0pt; margin-bottom: 0pt; padding: -1pt 0pt 6pt 0pt;\"><span style=\"font-size: 11pt; font-family: Calibri,sans-serif; color: #23303d; background-color: transparent; font-weight: 400; font-style: normal; font-variant: normal; text-decoration: none; vertical-align: baseline; white-space: pre-wrap;\">Moins de 150$ : 16$ \/ 150$ \u00e0 250$ : 12$ \/ 250$ et + : GRATUIT<\/span><\/h4>\n&nbsp;\n\n<hr \/>\n\n<h4 dir=\"ltr\" style=\"line-height: 1.2; margin-top: 14pt; margin-bottom: 14pt;\"><span style=\"font-size: 11pt; font-family: Calibri,sans-serif; color: #000000; background-color: transparent; font-weight: bold; font-style: normal; font-variant: normal; text-decoration: none; vertical-align: baseline; white-space: pre-wrap;\">IMPORTANT:<\/span><span style=\"font-size: 11pt; font-family: Calibri,sans-serif; color: #000000; background-color: transparent; font-weight: 400; font-style: normal; font-variant: normal; text-decoration: none; vertical-align: baseline; white-space: pre-wrap;\"> Tous les taxes et droits de douane sont \u00e0 la charge de l'acheteur. Nos prix sont en dollars canadiens. N'h\u00e9sitez pas \u00e0 nous contacter par courriel si vous avez des demandes sp\u00e9ciales ou des questions \u00e0 poser : <\/span><a style=\"text-decoration: none;\" href=\"mailto:info@soniabandulet.com\"><span style=\"font-size: 11pt; font-family: Calibri,sans-serif; color: #000000; background-color: transparent; font-weight: bold; font-style: normal; font-variant: normal; text-decoration: underline; -webkit-text-decoration-skip: none; text-decoration-skip-ink: none; vertical-align: baseline; white-space: pre-wrap;\">info@fabiofiligree.com<\/span><\/a><\/h4>\n<h4 class=\"p1\"><\/h4>\t\t\t\t\t\t\t\t<\/div>\n\t\t\t\t<\/div>\n\t\t\t\t\t<\/div>\n\t\t\t\t<\/div>\n\t\t\t\t<\/div>","protected":false},"excerpt":{"rendered":"<p>Accueil -Toutes les commandes sont exp\u00e9di\u00e9es de Montr\u00e9al, Canada, et quitteront le studio dans les 2 \u00e0 5 jours ouvrables. -Votre bijou sera plac\u00e9 dans une bo\u00eete cadeau et prot\u00e9g\u00e9 pour l'exp\u00e9dition. -Veuillez vous r\u00e9f\u00e9rer \u00e0 la liste suivante pour conna\u00eetre les dates de livraison approximatives une fois votre commande trait\u00e9e. Canada : Exp\u00e9dition r\u00e9guli\u00e8re...<\/p>","protected":false},"author":1,"featured_media":0,"parent":0,"menu_order":0,"comment_status":"closed","ping_status":"closed","template":"elementor_header_footer","meta":{"_joinchat":[],"footnotes":""},"class_list":["post-2453","page","type-page","status-publish","hentry"],"jetpack_sharing_enabled":true,"_links":{"self":[{"href":"https:\/\/fabiofiligree.com\/fr\/wp-json\/wp\/v2\/pages\/2453","targetHints":{"allow":["GET"]}}],"collection":[{"href":"https:\/\/fabiofiligree.com\/fr\/wp-json\/wp\/v2\/pages"}],"about":[{"href":"https:\/\/fabiofiligree.com\/fr\/wp-json\/wp\/v2\/types\/page"}],"author":[{"embeddable":true,"href":"https:\/\/fabiofiligree.com\/fr\/wp-json\/wp\/v2\/users\/1"}],"replies":[{"embeddable":true,"href":"https:\/\/fabiofiligree.com\/fr\/wp-json\/wp\/v2\/comments?post=2453"}],"version-history":[{"count":58,"href":"https:\/\/fabiofiligree.com\/fr\/wp-json\/wp\/v2\/pages\/2453\/revisions"}],"predecessor-version":[{"id":3025,"href":"https:\/\/fabiofiligree.com\/fr\/wp-json\/wp\/v2\/pages\/2453\/revisions\/3025"}],"wp:attachment":[{"href":"https:\/\/fabiofiligree.com\/fr\/wp-json\/wp\/v2\/media?parent=2453"}],"curies":[{"name":"wp","href":"https:\/\/api.w.org\/{rel}","templated":true}]}}