{"id":1275,"date":"2024-05-04T04:26:18","date_gmt":"2024-05-04T04:26:18","guid":{"rendered":"https:\/\/fabiofiligree.com\/?post_type=product&#038;p=1275"},"modified":"2025-02-14T00:00:01","modified_gmt":"2025-02-14T00:00:01","slug":"square-gold-small-earrings-filigree","status":"publish","type":"product","link":"https:\/\/fabiofiligree.com\/fr\/produit\/petites-boucles-doreilles-carrees-en-or-filigrane\/","title":{"rendered":"Boucles d'oreiles en argent dor\u00e9, petites, \"Carr\u00e9\""},"content":{"rendered":"<p class=\"p1\">Pi\u00e8ce carr\u00e9e recouverte d'un fil d'argent torsad\u00e9, offrant un style unique, chic et minimaliste. Enti\u00e8rement fabriqu\u00e9e \u00e0 la main, elle se distingue par sa polyvalence et peut \u00eatre port\u00e9e en toute occasion.<span class=\"Apple-converted-space\">\u00a0 <\/span>Ces v\u00eatements, faits \u00e0 la main, sont polyvalents et peuvent \u00eatre port\u00e9s de jour en jour, en toute occasion.<span class=\"Apple-converted-space\">\u00a0<\/span><\/p>\n<p>&nbsp;<\/p>\n<table cellspacing=\"0\" cellpadding=\"0\">\n<tbody>\n<tr>\n<td colspan=\"2\" valign=\"bottom\">\n<p align=\"center\"><span style=\"color: #000000; font-family: Calibri; font-size: medium;\">Mati\u00e8re : Argent 970 - Plaqu\u00e9 or<\/span><\/p>\n<\/td>\n<\/tr>\n<tr>\n<td colspan=\"2\" valign=\"bottom\">\n<p align=\"center\"><span style=\"color: #000000; font-family: Calibri; font-size: medium;\">Mesures :<span class=\"Apple-converted-space\">\u00a0 <\/span>10 mm <span class=\"Apple-converted-space\">\u00a0<\/span><\/span><\/p>\n<\/td>\n<\/tr>\n<\/tbody>\n<\/table>","protected":false},"excerpt":{"rendered":"<p>Una invenci\u00f3n del cl\u00e1sico arete con forma cuadrada, cubierto con un fino tejido de filigrana en plata ba\u00f1ada en oro, dando un estilo \u00fanico, chic y diferente a la joya,\u00a0 mostrando versatilidad para ser usado d\u00eda a d\u00eda en cualquier ocasi\u00f3n, todo hecho a mano.\u00a0 &nbsp; Material: Plata 970 &#8211; Ba\u00f1ada en oro Medidas:\u00a0 10 mm \u00a0<\/p>","protected":false},"featured_media":1276,"comment_status":"open","ping_status":"closed","template":"","meta":{"_joinchat":[]},"product_brand":[],"product_cat":[66],"product_tag":[],"class_list":{"0":"post-1275","1":"product","2":"type-product","3":"status-publish","4":"has-post-thumbnail","6":"product_cat-earrings","8":"first","9":"instock","10":"shipping-taxable","11":"purchasable","12":"product-type-simple"},"jetpack_sharing_enabled":true,"_links":{"self":[{"href":"https:\/\/fabiofiligree.com\/fr\/wp-json\/wp\/v2\/product\/1275","targetHints":{"allow":["GET"]}}],"collection":[{"href":"https:\/\/fabiofiligree.com\/fr\/wp-json\/wp\/v2\/product"}],"about":[{"href":"https:\/\/fabiofiligree.com\/fr\/wp-json\/wp\/v2\/types\/product"}],"replies":[{"embeddable":true,"href":"https:\/\/fabiofiligree.com\/fr\/wp-json\/wp\/v2\/comments?post=1275"}],"wp:featuredmedia":[{"embeddable":true,"href":"https:\/\/fabiofiligree.com\/fr\/wp-json\/wp\/v2\/media\/1276"}],"wp:attachment":[{"href":"https:\/\/fabiofiligree.com\/fr\/wp-json\/wp\/v2\/media?parent=1275"}],"wp:term":[{"taxonomy":"product_brand","embeddable":true,"href":"https:\/\/fabiofiligree.com\/fr\/wp-json\/wp\/v2\/product_brand?post=1275"},{"taxonomy":"product_cat","embeddable":true,"href":"https:\/\/fabiofiligree.com\/fr\/wp-json\/wp\/v2\/product_cat?post=1275"},{"taxonomy":"product_tag","embeddable":true,"href":"https:\/\/fabiofiligree.com\/fr\/wp-json\/wp\/v2\/product_tag?post=1275"}],"curies":[{"name":"wp","href":"https:\/\/api.w.org\/{rel}","templated":true}]}}