{"id":1286,"date":"2024-05-04T04:45:12","date_gmt":"2024-05-04T04:45:12","guid":{"rendered":"https:\/\/fabiofiligree.com\/?post_type=product&#038;p=1286"},"modified":"2024-10-20T00:11:46","modified_gmt":"2024-10-20T00:11:46","slug":"rhombus-silver-earrings-filigree","status":"publish","type":"product","link":"https:\/\/fabiofiligree.com\/fr\/produit\/boucles-doreilles-argent-losange-filigrane\/","title":{"rendered":"Boucles d'oreiles en argent, moyennes,  \"Losange\""},"content":{"rendered":"<p class=\"p1\">Un rectangle orn\u00e9 de formes g\u00e9om\u00e9triques en filigrane \u00e0 l'int\u00e9rieur. La texture de cette pi\u00e8ce, chic et \u00e9l\u00e9gante, est parfaite pour le bureau ou un d\u00eener d\u2019affaires.<span class=\"Apple-converted-space\">\u00a0<\/span><\/p>\n<p>&nbsp;<\/p>\n<table cellspacing=\"0\" cellpadding=\"0\">\n<tbody>\n<tr>\n<td colspan=\"2\" valign=\"bottom\">\n<p align=\"center\"><span style=\"color: #000000; font-family: Calibri; font-size: medium;\">Mati\u00e8re : argent 970<\/span><\/p>\n<\/td>\n<\/tr>\n<tr>\n<td colspan=\"2\" valign=\"bottom\">\n<p align=\"center\"><span style=\"color: #000000; font-family: Calibri; font-size: medium;\">Dimensions : L 18 mm<span class=\"Apple-converted-space\">\u00a0 <\/span>x<span class=\"Apple-converted-space\">\u00a0 A<\/span>\u00a012 mm<\/span><\/p>\n<\/td>\n<\/tr>\n<\/tbody>\n<\/table>","protected":false},"excerpt":{"rendered":"<p>\u00a1Un delicado rect\u00e1ngulo en marca un exquisito rombo! Rodeado de panderos y tejido con hilos de plata en filigrana, esta mezcla geom\u00e9trica crea una joya \u00fanica, delicada y exclusiva. \u00a1Perfecta para la oficina, una cena de negocios o cualquier ocasi\u00f3n elegante!\u00a0 &nbsp; Material: Plata 970 Medidas: L 18 mm\u00a0 x\u00a0 A\u00a012 mm<\/p>","protected":false},"featured_media":1287,"comment_status":"open","ping_status":"closed","template":"","meta":{"_joinchat":[]},"product_brand":[],"product_cat":[66],"product_tag":[],"class_list":{"0":"post-1286","1":"product","2":"type-product","3":"status-publish","4":"has-post-thumbnail","6":"product_cat-earrings","8":"first","9":"instock","10":"shipping-taxable","11":"purchasable","12":"product-type-simple"},"jetpack_sharing_enabled":true,"_links":{"self":[{"href":"https:\/\/fabiofiligree.com\/fr\/wp-json\/wp\/v2\/product\/1286","targetHints":{"allow":["GET"]}}],"collection":[{"href":"https:\/\/fabiofiligree.com\/fr\/wp-json\/wp\/v2\/product"}],"about":[{"href":"https:\/\/fabiofiligree.com\/fr\/wp-json\/wp\/v2\/types\/product"}],"replies":[{"embeddable":true,"href":"https:\/\/fabiofiligree.com\/fr\/wp-json\/wp\/v2\/comments?post=1286"}],"wp:featuredmedia":[{"embeddable":true,"href":"https:\/\/fabiofiligree.com\/fr\/wp-json\/wp\/v2\/media\/1287"}],"wp:attachment":[{"href":"https:\/\/fabiofiligree.com\/fr\/wp-json\/wp\/v2\/media?parent=1286"}],"wp:term":[{"taxonomy":"product_brand","embeddable":true,"href":"https:\/\/fabiofiligree.com\/fr\/wp-json\/wp\/v2\/product_brand?post=1286"},{"taxonomy":"product_cat","embeddable":true,"href":"https:\/\/fabiofiligree.com\/fr\/wp-json\/wp\/v2\/product_cat?post=1286"},{"taxonomy":"product_tag","embeddable":true,"href":"https:\/\/fabiofiligree.com\/fr\/wp-json\/wp\/v2\/product_tag?post=1286"}],"curies":[{"name":"wp","href":"https:\/\/api.w.org\/{rel}","templated":true}]}}