{"id":1501,"date":"2024-05-10T21:29:50","date_gmt":"2024-05-10T21:29:50","guid":{"rendered":"https:\/\/fabiofiligree.com\/?post_type=product&#038;p=1501"},"modified":"2024-10-19T22:57:45","modified_gmt":"2024-10-19T22:57:45","slug":"tridi-love-gold-small-earrings-filigree-este-pendiente-pequeno-de-corazon-es-ligero-y-sofisticado-tiene-un-volumen-que-lo-hace-llamativo-desde-cualquier-angulo-es-el-regalo-perfecto-para-ocasiones","status":"publish","type":"product","link":"https:\/\/fabiofiligree.com\/fr\/produit\/tridi-love-gold-small-earrings-filigree-cette-petite-boucle-doreille-en-forme-de-coeur-est-legere-et-sophistiquee-avec-un-volume-qui-la-rend-accrocheuse-sous-tous-les-angles-et-est-le-cadeau-parfait\/","title":{"rendered":"Boucles d'oreiles en argent dor\u00e9, petites, \"Tridi Amour\""},"content":{"rendered":"<p class=\"p1\">Cette petite boucle d'oreille en forme de c\u0153ur, l\u00e9g\u00e8re et sophistiqu\u00e9e, se distingue par son volume qui la rend attrayante sous tous les angles. C\u2019est le cadeau parfait pour les occasions sp\u00e9ciales, notamment celles c\u00e9l\u00e9brant l\u2019amour.<\/p>\n<table cellspacing=\"0\" cellpadding=\"0\">\n<tbody>\n<tr>\n<td colspan=\"2\" valign=\"bottom\">\n<p align=\"center\"><span style=\"color: #000000; font-family: Calibri; font-size: medium;\">Mat\u00e9riel: Argent 970 -  plaqu\u00e9 or 24K<\/span><\/p>\n<\/td>\n<\/tr>\n<tr>\n<td colspan=\"2\" valign=\"bottom\">\n<p align=\"center\"><span style=\"color: #000000; font-family: Calibri; font-size: medium;\">Dimensions : L 7 mm<span class=\"Apple-converted-space\">\u00a0 <\/span>x<span class=\"Apple-converted-space\">\u00a0 A<\/span><span class=\"Apple-converted-space\">\u00a0\u00a0<\/span>9 mm<\/span><\/p>\n<\/td>\n<\/tr>\n<\/tbody>\n<\/table>","protected":false},"excerpt":{"rendered":"<p>Cette petite boucle d'oreille en forme de c\u0153ur est l\u00e9g\u00e8re et sophistiqu\u00e9e, elle a un volume qui la rend accrocheuse sous tous les angles, c'est le cadeau parfait pour les occasions sp\u00e9ciales, en particulier celles li\u00e9es \u00e0 l'amour. Mati\u00e8re : Argent 970 plaqu\u00e9 or Dimensions : L 7 mm x l 9 mm<\/p>","protected":false},"featured_media":2120,"comment_status":"open","ping_status":"closed","template":"","meta":{"_joinchat":[]},"product_brand":[],"product_cat":[66],"product_tag":[],"class_list":{"0":"post-1501","1":"product","2":"type-product","3":"status-publish","4":"has-post-thumbnail","6":"product_cat-earrings","8":"first","9":"instock","10":"shipping-taxable","11":"purchasable","12":"product-type-simple"},"jetpack_sharing_enabled":true,"_links":{"self":[{"href":"https:\/\/fabiofiligree.com\/fr\/wp-json\/wp\/v2\/product\/1501","targetHints":{"allow":["GET"]}}],"collection":[{"href":"https:\/\/fabiofiligree.com\/fr\/wp-json\/wp\/v2\/product"}],"about":[{"href":"https:\/\/fabiofiligree.com\/fr\/wp-json\/wp\/v2\/types\/product"}],"replies":[{"embeddable":true,"href":"https:\/\/fabiofiligree.com\/fr\/wp-json\/wp\/v2\/comments?post=1501"}],"wp:featuredmedia":[{"embeddable":true,"href":"https:\/\/fabiofiligree.com\/fr\/wp-json\/wp\/v2\/media\/2120"}],"wp:attachment":[{"href":"https:\/\/fabiofiligree.com\/fr\/wp-json\/wp\/v2\/media?parent=1501"}],"wp:term":[{"taxonomy":"product_brand","embeddable":true,"href":"https:\/\/fabiofiligree.com\/fr\/wp-json\/wp\/v2\/product_brand?post=1501"},{"taxonomy":"product_cat","embeddable":true,"href":"https:\/\/fabiofiligree.com\/fr\/wp-json\/wp\/v2\/product_cat?post=1501"},{"taxonomy":"product_tag","embeddable":true,"href":"https:\/\/fabiofiligree.com\/fr\/wp-json\/wp\/v2\/product_tag?post=1501"}],"curies":[{"name":"wp","href":"https:\/\/api.w.org\/{rel}","templated":true}]}}