{"id":1664,"date":"2024-07-19T21:51:32","date_gmt":"2024-07-19T21:51:32","guid":{"rendered":"https:\/\/fabiofiligree.com\/?post_type=product&#038;p=1664"},"modified":"2025-08-26T21:47:42","modified_gmt":"2025-08-26T21:47:42","slug":"cubiko-gold-necklage-filigree","status":"publish","type":"product","link":"https:\/\/fabiofiligree.com\/fr\/produit\/cubiko-gold-necklage-filigree\/","title":{"rendered":"Collier en filigrane d'argent dor\u00e9, \"Cubiko\""},"content":{"rendered":"<p class=\"p1\">Inspir\u00e9 par la g\u00e9om\u00e9trie et dot\u00e9 d\u2019un volume original, ce petit cube charmant est suffisamment polyvalent pour s\u2019adapter \u00e0 toutes les tenues. Il apporte une touche d\u2019\u00e9l\u00e9gance et de sophistication \u00e0 votre look.<\/p>\n<table cellspacing=\"0\" cellpadding=\"0\">\n<tbody>\n<tr>\n<td colspan=\"2\" valign=\"bottom\">\n<p align=\"center\"><span style=\"color: #000000; font-family: Calibri; font-size: medium;\">Materiel : Argent 970 plaqu\u00e9 or 24k<\/span><\/p>\n<\/td>\n<\/tr>\n<tr>\n<td colspan=\"2\" valign=\"bottom\">\n<p align=\"center\"><span style=\"color: #000000; font-family: Calibri; font-size: medium;\">Dimensions : 10 mm<\/span><\/p>\n<\/td>\n<\/tr>\n<\/tbody>\n<\/table>","protected":false},"excerpt":{"rendered":"<p>D'inspiration g\u00e9om\u00e9trique et d'un volume inhabituel, ce petit cube charmant est suffisamment polyvalent pour s'adapter \u00e0 toutes les tenues et ajouter une touche d'\u00e9l\u00e9gance et de sophistication \u00e0 votre look. Mati\u00e8re : argent 970 plaqu\u00e9 or Dimensions : 10 mm<\/p>","protected":false},"featured_media":1812,"comment_status":"open","ping_status":"closed","template":"","meta":{"_joinchat":[]},"product_brand":[],"product_cat":[65],"product_tag":[],"class_list":{"0":"post-1664","1":"product","2":"type-product","3":"status-publish","4":"has-post-thumbnail","6":"product_cat-necklages","8":"first","9":"instock","10":"shipping-taxable","11":"purchasable","12":"product-type-simple"},"jetpack_sharing_enabled":true,"_links":{"self":[{"href":"https:\/\/fabiofiligree.com\/fr\/wp-json\/wp\/v2\/product\/1664","targetHints":{"allow":["GET"]}}],"collection":[{"href":"https:\/\/fabiofiligree.com\/fr\/wp-json\/wp\/v2\/product"}],"about":[{"href":"https:\/\/fabiofiligree.com\/fr\/wp-json\/wp\/v2\/types\/product"}],"replies":[{"embeddable":true,"href":"https:\/\/fabiofiligree.com\/fr\/wp-json\/wp\/v2\/comments?post=1664"}],"wp:featuredmedia":[{"embeddable":true,"href":"https:\/\/fabiofiligree.com\/fr\/wp-json\/wp\/v2\/media\/1812"}],"wp:attachment":[{"href":"https:\/\/fabiofiligree.com\/fr\/wp-json\/wp\/v2\/media?parent=1664"}],"wp:term":[{"taxonomy":"product_brand","embeddable":true,"href":"https:\/\/fabiofiligree.com\/fr\/wp-json\/wp\/v2\/product_brand?post=1664"},{"taxonomy":"product_cat","embeddable":true,"href":"https:\/\/fabiofiligree.com\/fr\/wp-json\/wp\/v2\/product_cat?post=1664"},{"taxonomy":"product_tag","embeddable":true,"href":"https:\/\/fabiofiligree.com\/fr\/wp-json\/wp\/v2\/product_tag?post=1664"}],"curies":[{"name":"wp","href":"https:\/\/api.w.org\/{rel}","templated":true}]}}