{"id":1666,"date":"2024-07-19T21:59:01","date_gmt":"2024-07-19T21:59:01","guid":{"rendered":"https:\/\/fabiofiligree.com\/?post_type=product&#038;p=1666"},"modified":"2025-08-26T21:44:20","modified_gmt":"2025-08-26T21:44:20","slug":"knot-gold-necklage-filigree","status":"publish","type":"product","link":"https:\/\/fabiofiligree.com\/fr\/produit\/noeud-collier-or-filigrane\/","title":{"rendered":"Collier en filigrane d'argent dor\u00e9, \"Noeud\""},"content":{"rendered":"<p class=\"p1\">Ce pendentif en forme de n\u0153ud est enti\u00e8rement tiss\u00e9 \u00e0 la main avec des fils d'argent et d'or, selon une technique unique au monde originaire de Santa Fe de Antioquia, en Colombie. Le r\u00e9sultat est une texture subtile, parfaite pour toutes les occasions. D\u00e9contract\u00e9 et polyvalent, il s\u2019accorde harmonieusement avec toutes les tenues.<\/p>\n<table cellspacing=\"0\" cellpadding=\"0\">\n<tbody>\n<tr>\n<td colspan=\"2\" valign=\"bottom\">\n<p align=\"center\"><span style=\"color: #000000; font-family: Calibri; font-size: medium;\">Materiel : Argent 970 plaqu\u00e9 or 24k<\/span><\/p>\n<\/td>\n<\/tr>\n<tr>\n<td colspan=\"2\" valign=\"bottom\">\n<p align=\"center\"><span style=\"color: #000000; font-family: Calibri; font-size: medium;\">Dimensions : 6 mm<\/span><\/p>\n<\/td>\n<\/tr>\n<\/tbody>\n<\/table>","protected":false},"excerpt":{"rendered":"<p>Ce pendentif en forme de n\u0153ud est enti\u00e8rement tiss\u00e9 \u00e0 la main avec des fils d'argent et d'or, selon une technique unique au monde provenant de Santa Fe de Antioquia, en Colombie. La texture qui en r\u00e9sulte est subtile et convient \u00e0 un usage quotidien ou \u00e0 toute occasion. Il est d\u00e9contract\u00e9, polyvalent et s'accorde avec n'importe quelle tenue. Mati\u00e8re : Argent sterling 970 plaqu\u00e9 en...<\/p>","protected":false},"featured_media":1638,"comment_status":"open","ping_status":"closed","template":"","meta":{"_joinchat":[]},"product_brand":[],"product_cat":[65],"product_tag":[],"class_list":{"0":"post-1666","1":"product","2":"type-product","3":"status-publish","4":"has-post-thumbnail","6":"product_cat-necklages","8":"first","9":"instock","10":"shipping-taxable","11":"purchasable","12":"product-type-simple"},"jetpack_sharing_enabled":true,"_links":{"self":[{"href":"https:\/\/fabiofiligree.com\/fr\/wp-json\/wp\/v2\/product\/1666","targetHints":{"allow":["GET"]}}],"collection":[{"href":"https:\/\/fabiofiligree.com\/fr\/wp-json\/wp\/v2\/product"}],"about":[{"href":"https:\/\/fabiofiligree.com\/fr\/wp-json\/wp\/v2\/types\/product"}],"replies":[{"embeddable":true,"href":"https:\/\/fabiofiligree.com\/fr\/wp-json\/wp\/v2\/comments?post=1666"}],"wp:featuredmedia":[{"embeddable":true,"href":"https:\/\/fabiofiligree.com\/fr\/wp-json\/wp\/v2\/media\/1638"}],"wp:attachment":[{"href":"https:\/\/fabiofiligree.com\/fr\/wp-json\/wp\/v2\/media?parent=1666"}],"wp:term":[{"taxonomy":"product_brand","embeddable":true,"href":"https:\/\/fabiofiligree.com\/fr\/wp-json\/wp\/v2\/product_brand?post=1666"},{"taxonomy":"product_cat","embeddable":true,"href":"https:\/\/fabiofiligree.com\/fr\/wp-json\/wp\/v2\/product_cat?post=1666"},{"taxonomy":"product_tag","embeddable":true,"href":"https:\/\/fabiofiligree.com\/fr\/wp-json\/wp\/v2\/product_tag?post=1666"}],"curies":[{"name":"wp","href":"https:\/\/api.w.org\/{rel}","templated":true}]}}