{"id":1668,"date":"2024-07-19T22:06:19","date_gmt":"2024-07-19T22:06:19","guid":{"rendered":"https:\/\/fabiofiligree.com\/?post_type=product&#038;p=1668"},"modified":"2025-12-02T21:58:20","modified_gmt":"2025-12-02T21:58:20","slug":"love-key-gold-necklage-filigree","status":"publish","type":"product","link":"https:\/\/fabiofiligree.com\/fr\/produit\/cle-de-lamour-collier-or-filigrane\/","title":{"rendered":"Collier en filigrane d'argent dor\u00e9, \"La Cl\u00e9 de l'Amour\""},"content":{"rendered":"<p class=\"p1\">Cette breloque, un classique de la marque, s\u2019inspire des anciennes cl\u00e9s des maisons coloniales espagnoles. La Cl\u00e9 des Souvenirs rend hommage aux pr\u00e9cieux moments de la vie, une amulette destin\u00e9e \u00e0 les faire perdurer dans le temps. \u00c9l\u00e9gante, exclusive et polyvalente, cette pi\u00e8ce en filigrane est le cadeau id\u00e9al pour toutes les personnes avec qui nous avons partag\u00e9 des instants inoubliables.<span class=\"Apple-converted-space\">\u00a0 <\/span>Ce pendentif, un classique de la marque, s\u2019inspire des anciennes cl\u00e9s des maisons coloniales espagnoles. La Cl\u00e9 de l\u2019Amour symbolise l\u2019ouverture des portes essentielles pour que l\u2019amour perdure \u00e0 travers le temps. \u00c9l\u00e9gante, exclusive et polyvalente, cette pi\u00e8ce en filigrane est le cadeau parfait pour les amoureux. Elle se veut \u00e9galement une amulette, c\u00e9l\u00e9brant les plus nobles des sentiments : l\u2019amour de soi et des autres.<span class=\"Apple-converted-space\">\u00a0 <\/span>et une amulette qui cherche \u00e0 mettre en priorit\u00e9 le meilleur des sentiments, l'amour de soi et des autres.<\/p>\n<table cellspacing=\"0\" cellpadding=\"0\">\n<tbody>\n<tr>\n<td colspan=\"2\" valign=\"bottom\">\n<p align=\"center\"><span style=\"color: #000000; font-family: Calibri; font-size: medium;\">Materiel : Argent 970 plaqu\u00e9 or 24k<\/span><\/p>\n<\/td>\n<\/tr>\n<tr>\n<td colspan=\"2\" valign=\"bottom\">\n<p align=\"center\"><span style=\"color: #000000; font-family: Calibri; font-size: medium;\">Dimensions : Longueur 5,5 cm x 1,6 cm<\/span><\/p>\n<\/td>\n<\/tr>\n<\/tbody>\n<\/table>","protected":false},"excerpt":{"rendered":"<p>Cette breloque est un classique de la marque, inspir\u00e9e des cl\u00e9s anciennes des maisons coloniales espagnoles, la cl\u00e9 de l'amour ouvrira les portes n\u00e9cessaires pour qu'il perdure dans le temps. Cette pi\u00e8ce exclusive, \u00e9l\u00e9gante et polyvalente en filigrane est le cadeau id\u00e9al pour les amoureux et une amulette qui cherche \u00e0 mettre en priorit\u00e9 le meilleur de l'amour.<\/p>","protected":false},"featured_media":1458,"comment_status":"open","ping_status":"closed","template":"","meta":{"_joinchat":[]},"product_brand":[],"product_cat":[65],"product_tag":[],"class_list":{"0":"post-1668","1":"product","2":"type-product","3":"status-publish","4":"has-post-thumbnail","6":"product_cat-necklages","8":"first","9":"outofstock","10":"shipping-taxable","11":"purchasable","12":"product-type-simple"},"jetpack_sharing_enabled":true,"_links":{"self":[{"href":"https:\/\/fabiofiligree.com\/fr\/wp-json\/wp\/v2\/product\/1668","targetHints":{"allow":["GET"]}}],"collection":[{"href":"https:\/\/fabiofiligree.com\/fr\/wp-json\/wp\/v2\/product"}],"about":[{"href":"https:\/\/fabiofiligree.com\/fr\/wp-json\/wp\/v2\/types\/product"}],"replies":[{"embeddable":true,"href":"https:\/\/fabiofiligree.com\/fr\/wp-json\/wp\/v2\/comments?post=1668"}],"wp:featuredmedia":[{"embeddable":true,"href":"https:\/\/fabiofiligree.com\/fr\/wp-json\/wp\/v2\/media\/1458"}],"wp:attachment":[{"href":"https:\/\/fabiofiligree.com\/fr\/wp-json\/wp\/v2\/media?parent=1668"}],"wp:term":[{"taxonomy":"product_brand","embeddable":true,"href":"https:\/\/fabiofiligree.com\/fr\/wp-json\/wp\/v2\/product_brand?post=1668"},{"taxonomy":"product_cat","embeddable":true,"href":"https:\/\/fabiofiligree.com\/fr\/wp-json\/wp\/v2\/product_cat?post=1668"},{"taxonomy":"product_tag","embeddable":true,"href":"https:\/\/fabiofiligree.com\/fr\/wp-json\/wp\/v2\/product_tag?post=1668"}],"curies":[{"name":"wp","href":"https:\/\/api.w.org\/{rel}","templated":true}]}}