{"id":1670,"date":"2024-07-19T22:11:51","date_gmt":"2024-07-19T22:11:51","guid":{"rendered":"https:\/\/fabiofiligree.com\/?post_type=product&#038;p=1670"},"modified":"2025-08-26T21:39:17","modified_gmt":"2025-08-26T21:39:17","slug":"souvenirs-keys-silver-necklage-filigree","status":"publish","type":"product","link":"https:\/\/fabiofiligree.com\/fr\/produit\/souvenirs-cles-argent-necklage-necklage-filigree\/","title":{"rendered":"Collier en filigrane d'argent, \"La Cl\u00e9 des Beaux Souvenirs\""},"content":{"rendered":"<p class=\"p1\">Cette breloque, un classique de la marque, s\u2019inspire des anciennes cl\u00e9s des maisons coloniales espagnoles. La Cl\u00e9 des Souvenirs rend hommage aux pr\u00e9cieux moments de la vie, une amulette destin\u00e9e \u00e0 les faire perdurer dans le temps. \u00c9l\u00e9gante, exclusive et polyvalente, cette pi\u00e8ce en filigrane est le cadeau id\u00e9al pour toutes les personnes avec qui nous avons partag\u00e9 des instants inoubliables.<span class=\"Apple-converted-space\">\u00a0 <\/span>Cette breloque, un classique de la marque, s\u2019inspire des anciennes cl\u00e9s des maisons coloniales espagnoles. La Cl\u00e9 des Beaux Souvenirs rend hommage aux pr\u00e9cieux moments de la vie, une amulette destin\u00e9e \u00e0 les faire perdurer dans le temps. \u00c9l\u00e9gante, exclusive et polyvalente, cette pi\u00e8ce en filigrane est le cadeau id\u00e9al pour toutes les personnes avec qui nous avons partag\u00e9 des instants inoubliables.<span class=\"Apple-converted-space\">\u00a0 <\/span>durera longtemps. Cette pi\u00e8ce de filigrane exclusive, \u00e9l\u00e9gante et polyvalente est le cadeau id\u00e9al pour toutes les personnes avec lesquelles nous avons v\u00e9cu des moments sp\u00e9ciaux.<\/p>\n<table cellspacing=\"0\" cellpadding=\"0\">\n<tbody>\n<tr>\n<td colspan=\"2\" valign=\"bottom\">\n<p align=\"center\"><span style=\"color: #000000; font-family: Calibri; font-size: medium;\">Mati\u00e8re : argent 970<\/span><\/p>\n<\/td>\n<\/tr>\n<tr>\n<td colspan=\"2\" valign=\"bottom\">\n<p align=\"center\"><span style=\"color: #000000; font-family: Calibri; font-size: medium;\">Dimensions : Longueur 5,5 cm x 1,6 cm<\/span><\/p>\n<\/td>\n<\/tr>\n<\/tbody>\n<\/table>","protected":false},"excerpt":{"rendered":"<p>Ce pendentif est un classique de la marque, inspir\u00e9 par les anciennes cl\u00e9s des maisons coloniales espagnoles, la cl\u00e9 des souvenirs est un hommage aux bons moments de la vie, une amulette pour les faire perdurer dans le temps. Cette pi\u00e8ce exclusive, \u00e9l\u00e9gante et polyvalente en filigrane est le cadeau id\u00e9al pour toutes les personnes avec lesquelles vous...<\/p>","protected":false},"featured_media":1654,"comment_status":"open","ping_status":"closed","template":"","meta":{"_joinchat":[]},"product_brand":[],"product_cat":[65],"product_tag":[],"class_list":{"0":"post-1670","1":"product","2":"type-product","3":"status-publish","4":"has-post-thumbnail","6":"product_cat-necklages","8":"first","9":"instock","10":"shipping-taxable","11":"purchasable","12":"product-type-simple"},"jetpack_sharing_enabled":true,"_links":{"self":[{"href":"https:\/\/fabiofiligree.com\/fr\/wp-json\/wp\/v2\/product\/1670","targetHints":{"allow":["GET"]}}],"collection":[{"href":"https:\/\/fabiofiligree.com\/fr\/wp-json\/wp\/v2\/product"}],"about":[{"href":"https:\/\/fabiofiligree.com\/fr\/wp-json\/wp\/v2\/types\/product"}],"replies":[{"embeddable":true,"href":"https:\/\/fabiofiligree.com\/fr\/wp-json\/wp\/v2\/comments?post=1670"}],"wp:featuredmedia":[{"embeddable":true,"href":"https:\/\/fabiofiligree.com\/fr\/wp-json\/wp\/v2\/media\/1654"}],"wp:attachment":[{"href":"https:\/\/fabiofiligree.com\/fr\/wp-json\/wp\/v2\/media?parent=1670"}],"wp:term":[{"taxonomy":"product_brand","embeddable":true,"href":"https:\/\/fabiofiligree.com\/fr\/wp-json\/wp\/v2\/product_brand?post=1670"},{"taxonomy":"product_cat","embeddable":true,"href":"https:\/\/fabiofiligree.com\/fr\/wp-json\/wp\/v2\/product_cat?post=1670"},{"taxonomy":"product_tag","embeddable":true,"href":"https:\/\/fabiofiligree.com\/fr\/wp-json\/wp\/v2\/product_tag?post=1670"}],"curies":[{"name":"wp","href":"https:\/\/api.w.org\/{rel}","templated":true}]}}