{"id":1676,"date":"2024-07-19T22:37:47","date_gmt":"2024-07-19T22:37:47","guid":{"rendered":"https:\/\/fabiofiligree.com\/?post_type=product&#038;p=1676"},"modified":"2025-08-26T21:30:55","modified_gmt":"2025-08-26T21:30:55","slug":"tree-silver-necklage-filigree","status":"publish","type":"product","link":"https:\/\/fabiofiligree.com\/fr\/produit\/collier-en-argent-filigrane\/","title":{"rendered":"Collier en filigrane d'argent, \"Arbre\""},"content":{"rendered":"<p class=\"p1\">Ce pendentif, m\u00ealant inspiration organique et g\u00e9om\u00e9trique, repr\u00e9sente la terre \u00e0 travers un arbre d\u00e9licatement tiss\u00e9 en fils. Il s\u2019inscrit dans une collection unique d\u00e9di\u00e9e aux quatre \u00e9l\u00e9ments de la nature<\/p>\n<table cellspacing=\"0\" cellpadding=\"0\">\n<tbody>\n<tr>\n<td colspan=\"2\" valign=\"bottom\">\n<p align=\"center\"><span style=\"color: #000000; font-family: Calibri; font-size: medium;\">Mati\u00e8re : argent 970<\/span><\/p>\n<\/td>\n<\/tr>\n<tr>\n<td colspan=\"2\" valign=\"bottom\">\n<p align=\"center\"><span style=\"color: #000000; font-family: Calibri; font-size: medium;\">Dimensions : L 20 mm x L 18 mm<br \/>\n<\/span><\/p>\n<p align=\"center\">\n<\/td>\n<\/tr>\n<\/tbody>\n<\/table>","protected":false},"excerpt":{"rendered":"<p>Pendentif d'inspiration organique et g\u00e9om\u00e9trique, il repr\u00e9sente la terre \u00e0 travers un arbre de fils. Il fait partie d'une collection inspir\u00e9e par les quatre \u00e9l\u00e9ments de la nature. Mati\u00e8re : Argent 970 Taille : L 20 mm x H 18 mm<\/p>","protected":false},"featured_media":1472,"comment_status":"open","ping_status":"closed","template":"","meta":{"_joinchat":[]},"product_brand":[],"product_cat":[65],"product_tag":[],"class_list":{"0":"post-1676","1":"product","2":"type-product","3":"status-publish","4":"has-post-thumbnail","6":"product_cat-necklages","8":"first","9":"instock","10":"shipping-taxable","11":"purchasable","12":"product-type-simple"},"jetpack_sharing_enabled":true,"_links":{"self":[{"href":"https:\/\/fabiofiligree.com\/fr\/wp-json\/wp\/v2\/product\/1676","targetHints":{"allow":["GET"]}}],"collection":[{"href":"https:\/\/fabiofiligree.com\/fr\/wp-json\/wp\/v2\/product"}],"about":[{"href":"https:\/\/fabiofiligree.com\/fr\/wp-json\/wp\/v2\/types\/product"}],"replies":[{"embeddable":true,"href":"https:\/\/fabiofiligree.com\/fr\/wp-json\/wp\/v2\/comments?post=1676"}],"wp:featuredmedia":[{"embeddable":true,"href":"https:\/\/fabiofiligree.com\/fr\/wp-json\/wp\/v2\/media\/1472"}],"wp:attachment":[{"href":"https:\/\/fabiofiligree.com\/fr\/wp-json\/wp\/v2\/media?parent=1676"}],"wp:term":[{"taxonomy":"product_brand","embeddable":true,"href":"https:\/\/fabiofiligree.com\/fr\/wp-json\/wp\/v2\/product_brand?post=1676"},{"taxonomy":"product_cat","embeddable":true,"href":"https:\/\/fabiofiligree.com\/fr\/wp-json\/wp\/v2\/product_cat?post=1676"},{"taxonomy":"product_tag","embeddable":true,"href":"https:\/\/fabiofiligree.com\/fr\/wp-json\/wp\/v2\/product_tag?post=1676"}],"curies":[{"name":"wp","href":"https:\/\/api.w.org\/{rel}","templated":true}]}}