{"id":1809,"date":"2024-08-25T21:54:14","date_gmt":"2024-08-25T21:54:14","guid":{"rendered":"https:\/\/fabiofiligree.com\/?post_type=product&#038;p=1809"},"modified":"2024-10-19T22:16:54","modified_gmt":"2024-10-19T22:16:54","slug":"alice-gold-qeen","status":"publish","type":"product","link":"https:\/\/fabiofiligree.com\/fr\/produit\/alice-gold-qeen\/","title":{"rendered":"Boucles d'oreiles en argent dor\u00e9, moyennes,  \"Alice Queen\""},"content":{"rendered":"<p class=\"p1\">G\u00e9om\u00e9triques et d'inspiration r\u00e9tro, ces boucles d'oreilles de taille moyenne associent les volumes d'un d\u00f4me central tiss\u00e9 en filigrane aux vides du cercle qui le contient. Ces boucles d'oreilles polyvalentes seront parfaites en toute occasion.<\/p>\n<p><!--more--><\/p>\n<p style=\"text-align: center;\"><span style=\"color: #000000;\">Mat\u00e9riel: Argent 970 -  plaqu\u00e9 or 24K<\/span><\/p>\n<p><!--more--><\/p>\n<p style=\"text-align: center;\"><span style=\"color: #000000;\">Dimensions : 27 mm<\/span><\/p>","protected":false},"excerpt":{"rendered":"<p>G\u00e9om\u00e9triques et d'inspiration r\u00e9tro, ces boucles d'oreilles de taille moyenne associent les volumes d'un d\u00f4me central tiss\u00e9 en filigrane aux vides du cercle qui le contient. Ces boucles d'oreilles polyvalentes seront parfaites en toute occasion.<\/p>","protected":false},"featured_media":1810,"comment_status":"open","ping_status":"closed","template":"","meta":{"_joinchat":[]},"product_brand":[],"product_cat":[66],"product_tag":[],"class_list":{"0":"post-1809","1":"product","2":"type-product","3":"status-publish","4":"has-post-thumbnail","6":"product_cat-earrings","8":"first","9":"instock","10":"shipping-taxable","11":"purchasable","12":"product-type-simple"},"jetpack_sharing_enabled":true,"_links":{"self":[{"href":"https:\/\/fabiofiligree.com\/fr\/wp-json\/wp\/v2\/product\/1809","targetHints":{"allow":["GET"]}}],"collection":[{"href":"https:\/\/fabiofiligree.com\/fr\/wp-json\/wp\/v2\/product"}],"about":[{"href":"https:\/\/fabiofiligree.com\/fr\/wp-json\/wp\/v2\/types\/product"}],"replies":[{"embeddable":true,"href":"https:\/\/fabiofiligree.com\/fr\/wp-json\/wp\/v2\/comments?post=1809"}],"wp:featuredmedia":[{"embeddable":true,"href":"https:\/\/fabiofiligree.com\/fr\/wp-json\/wp\/v2\/media\/1810"}],"wp:attachment":[{"href":"https:\/\/fabiofiligree.com\/fr\/wp-json\/wp\/v2\/media?parent=1809"}],"wp:term":[{"taxonomy":"product_brand","embeddable":true,"href":"https:\/\/fabiofiligree.com\/fr\/wp-json\/wp\/v2\/product_brand?post=1809"},{"taxonomy":"product_cat","embeddable":true,"href":"https:\/\/fabiofiligree.com\/fr\/wp-json\/wp\/v2\/product_cat?post=1809"},{"taxonomy":"product_tag","embeddable":true,"href":"https:\/\/fabiofiligree.com\/fr\/wp-json\/wp\/v2\/product_tag?post=1809"}],"curies":[{"name":"wp","href":"https:\/\/api.w.org\/{rel}","templated":true}]}}