{"id":1819,"date":"2024-08-25T22:28:01","date_gmt":"2024-08-25T22:28:01","guid":{"rendered":"https:\/\/fabiofiligree.com\/?post_type=product&#038;p=1819"},"modified":"2025-05-13T00:01:30","modified_gmt":"2025-05-13T00:01:30","slug":"silence-silver-large-earrings","status":"publish","type":"product","link":"https:\/\/fabiofiligree.com\/fr\/produit\/silence-argent-grandes-boucles-doreilles\/","title":{"rendered":"Boucles d'oreiles en argent, larges, \"Le Silence\""},"content":{"rendered":"<p class=\"p1\">C\u00e9l\u00e9bration esth\u00e9tique du silence en tant que geste, nous vous pr\u00e9sentons les impressionnantes boucles d'oreilles circulaires Silencio. Elles se composent d'une barre verticale superpos\u00e9e \u00e0 un d\u00f4me en filigrane raffin\u00e9. Inspir\u00e9es par le minimalisme, ces boucles d'oreilles allient l\u00e9g\u00e8ret\u00e9 et \u00e9quilibre, gr\u00e2ce aux vides cr\u00e9\u00e9s par leur tissage et \u00e0 la superposition de leurs formes.<\/p>\n<p><!--more--><\/p>\n<p style=\"text-align: center;\"><span style=\"color: #000000;\">Mati\u00e8re : argent 970<\/span><\/p>\n<p><!--more--><\/p>\n<p style=\"text-align: center;\"><span style=\"color: #000000;\">Dimensions : L 62 mm x L 33 mm<\/span><\/p>","protected":false},"excerpt":{"rendered":"<p>C\u00e9l\u00e9bration esth\u00e9tique du silence en tant que geste, nous vous pr\u00e9sentons les impressionnantes boucles d'oreilles circulaires Silencio. Elles se composent d'une barre verticale superpos\u00e9e \u00e0 un d\u00f4me en filigrane raffin\u00e9. Inspir\u00e9es par le minimalisme, ces boucles d'oreilles allient l\u00e9g\u00e8ret\u00e9 et \u00e9quilibre, gr\u00e2ce aux vides cr\u00e9\u00e9s par leur tissage et \u00e0 la superposition de leurs formes.<\/p>","protected":false},"featured_media":1820,"comment_status":"open","ping_status":"closed","template":"","meta":{"_joinchat":[]},"product_brand":[],"product_cat":[66],"product_tag":[],"class_list":{"0":"post-1819","1":"product","2":"type-product","3":"status-publish","4":"has-post-thumbnail","6":"product_cat-earrings","8":"first","9":"instock","10":"shipping-taxable","11":"purchasable","12":"product-type-simple"},"jetpack_sharing_enabled":true,"_links":{"self":[{"href":"https:\/\/fabiofiligree.com\/fr\/wp-json\/wp\/v2\/product\/1819","targetHints":{"allow":["GET"]}}],"collection":[{"href":"https:\/\/fabiofiligree.com\/fr\/wp-json\/wp\/v2\/product"}],"about":[{"href":"https:\/\/fabiofiligree.com\/fr\/wp-json\/wp\/v2\/types\/product"}],"replies":[{"embeddable":true,"href":"https:\/\/fabiofiligree.com\/fr\/wp-json\/wp\/v2\/comments?post=1819"}],"wp:featuredmedia":[{"embeddable":true,"href":"https:\/\/fabiofiligree.com\/fr\/wp-json\/wp\/v2\/media\/1820"}],"wp:attachment":[{"href":"https:\/\/fabiofiligree.com\/fr\/wp-json\/wp\/v2\/media?parent=1819"}],"wp:term":[{"taxonomy":"product_brand","embeddable":true,"href":"https:\/\/fabiofiligree.com\/fr\/wp-json\/wp\/v2\/product_brand?post=1819"},{"taxonomy":"product_cat","embeddable":true,"href":"https:\/\/fabiofiligree.com\/fr\/wp-json\/wp\/v2\/product_cat?post=1819"},{"taxonomy":"product_tag","embeddable":true,"href":"https:\/\/fabiofiligree.com\/fr\/wp-json\/wp\/v2\/product_tag?post=1819"}],"curies":[{"name":"wp","href":"https:\/\/api.w.org\/{rel}","templated":true}]}}