{"id":1835,"date":"2024-08-25T22:58:45","date_gmt":"2024-08-25T22:58:45","guid":{"rendered":"https:\/\/fabiofiligree.com\/?post_type=product&#038;p=1835"},"modified":"2024-10-19T22:09:26","modified_gmt":"2024-10-19T22:09:26","slug":"cubik-silver-small-earrings-filigree","status":"publish","type":"product","link":"https:\/\/fabiofiligree.com\/fr\/produit\/boucles-doreilles-en-argent-cubique-filigrane\/","title":{"rendered":"Boucles d'oreiles en argent, petites, \"Cubika\""},"content":{"rendered":"<p>Ces petites boucles d'oreilles rondes, d'inspiration minimaliste, sont compos\u00e9es d'une dentelle classique appel\u00e9e \"Caracol\". Elles sont polyvalentes et peuvent \u00eatre port\u00e9es au bureau ou en toute autre occasion<\/p>\n<table cellspacing=\"0\" cellpadding=\"0\">\n<tbody>\n<tr>\n<td colspan=\"2\" valign=\"bottom\">\n<p align=\"center\"><span style=\"color: #000000; font-family: Calibri; font-size: medium;\">Mati\u00e8re : argent 970<\/span><\/p>\n<\/td>\n<\/tr>\n<tr>\n<td colspan=\"2\" valign=\"bottom\">\n<p align=\"center\"><span style=\"color: #000000; font-family: Calibri; font-size: medium;\">Dimensions : 8 mm<\/span><\/p>\n<\/td>\n<\/tr>\n<\/tbody>\n<\/table>","protected":false},"excerpt":{"rendered":"<p>Ces petits pois ronds d'inspiration minimaliste pr\u00e9sentent des fils filigranes qui forment l'armure classique de l'escargot. Ils sont polyvalents et peuvent \u00eatre port\u00e9s au bureau ou en toute autre occasion. Mati\u00e8re : Argent 970 Taille : 8 mm<\/p>","protected":false},"featured_media":1836,"comment_status":"open","ping_status":"closed","template":"","meta":{"_joinchat":[]},"product_brand":[],"product_cat":[66],"product_tag":[],"class_list":{"0":"post-1835","1":"product","2":"type-product","3":"status-publish","4":"has-post-thumbnail","6":"product_cat-earrings","8":"first","9":"instock","10":"shipping-taxable","11":"purchasable","12":"product-type-simple"},"jetpack_sharing_enabled":true,"_links":{"self":[{"href":"https:\/\/fabiofiligree.com\/fr\/wp-json\/wp\/v2\/product\/1835","targetHints":{"allow":["GET"]}}],"collection":[{"href":"https:\/\/fabiofiligree.com\/fr\/wp-json\/wp\/v2\/product"}],"about":[{"href":"https:\/\/fabiofiligree.com\/fr\/wp-json\/wp\/v2\/types\/product"}],"replies":[{"embeddable":true,"href":"https:\/\/fabiofiligree.com\/fr\/wp-json\/wp\/v2\/comments?post=1835"}],"wp:featuredmedia":[{"embeddable":true,"href":"https:\/\/fabiofiligree.com\/fr\/wp-json\/wp\/v2\/media\/1836"}],"wp:attachment":[{"href":"https:\/\/fabiofiligree.com\/fr\/wp-json\/wp\/v2\/media?parent=1835"}],"wp:term":[{"taxonomy":"product_brand","embeddable":true,"href":"https:\/\/fabiofiligree.com\/fr\/wp-json\/wp\/v2\/product_brand?post=1835"},{"taxonomy":"product_cat","embeddable":true,"href":"https:\/\/fabiofiligree.com\/fr\/wp-json\/wp\/v2\/product_cat?post=1835"},{"taxonomy":"product_tag","embeddable":true,"href":"https:\/\/fabiofiligree.com\/fr\/wp-json\/wp\/v2\/product_tag?post=1835"}],"curies":[{"name":"wp","href":"https:\/\/api.w.org\/{rel}","templated":true}]}}