{"id":1864,"date":"2024-08-26T01:29:19","date_gmt":"2024-08-26T01:29:19","guid":{"rendered":"https:\/\/fabiofiligree.com\/?post_type=product&#038;p=1864"},"modified":"2025-05-13T00:01:30","modified_gmt":"2025-05-13T00:01:30","slug":"isabellas-zigzag-gold-small-hoops-filigree","status":"publish","type":"product","link":"https:\/\/fabiofiligree.com\/fr\/produit\/isabellas-zigzag-gold-small-hoops-filigree\/","title":{"rendered":"Boucles d'oreilles en argent dor\u00e9, moyennes, \"Isabella Zig Zag\""},"content":{"rendered":"<p class=\"p1\">Ces petites boucles d'oreilles sont un classique intemporel. Un bijou polyvalent et le compl\u00e9ment parfait de n'importe quelle tenue.<\/p>\n<table cellspacing=\"0\" cellpadding=\"0\">\n<tbody>\n<tr>\n<td colspan=\"2\" valign=\"bottom\">\n<p align=\"center\"><span style=\"color: #000000; font-family: Calibri; font-size: medium;\">Mat\u00e9riel: Argent 970 -  plaqu\u00e9 or 24K<br \/>\n<\/span><\/p>\n<\/td>\n<\/tr>\n<tr>\n<td colspan=\"2\" valign=\"bottom\">\n<p align=\"center\"><span style=\"color: #000000; font-family: Calibri; font-size: medium;\">Dimensions : L 20 mm x D2 12 mm x D1 15 mm<br \/>\n<\/span><\/p>\n<\/td>\n<\/tr>\n<\/tbody>\n<\/table>","protected":false},"excerpt":{"rendered":"<p>Ces petites boucles d'oreilles sont un classique intemporel. Un bijou polyvalent et jeune, le compl\u00e9ment parfait de n'importe quelle tenue. Mati\u00e8re : Argent 970 plaqu\u00e9 or Dimensions : L 20 mm x D2 12 mm x D1 15 mm<\/p>","protected":false},"featured_media":3097,"comment_status":"open","ping_status":"closed","template":"","meta":{"_joinchat":{"telephone":"+14388759632"}},"product_brand":[],"product_cat":[66],"product_tag":[],"class_list":{"0":"post-1864","1":"product","2":"type-product","3":"status-publish","4":"has-post-thumbnail","6":"product_cat-earrings","8":"first","9":"instock","10":"shipping-taxable","11":"purchasable","12":"product-type-simple"},"jetpack_sharing_enabled":true,"_links":{"self":[{"href":"https:\/\/fabiofiligree.com\/fr\/wp-json\/wp\/v2\/product\/1864","targetHints":{"allow":["GET"]}}],"collection":[{"href":"https:\/\/fabiofiligree.com\/fr\/wp-json\/wp\/v2\/product"}],"about":[{"href":"https:\/\/fabiofiligree.com\/fr\/wp-json\/wp\/v2\/types\/product"}],"replies":[{"embeddable":true,"href":"https:\/\/fabiofiligree.com\/fr\/wp-json\/wp\/v2\/comments?post=1864"}],"wp:featuredmedia":[{"embeddable":true,"href":"https:\/\/fabiofiligree.com\/fr\/wp-json\/wp\/v2\/media\/3097"}],"wp:attachment":[{"href":"https:\/\/fabiofiligree.com\/fr\/wp-json\/wp\/v2\/media?parent=1864"}],"wp:term":[{"taxonomy":"product_brand","embeddable":true,"href":"https:\/\/fabiofiligree.com\/fr\/wp-json\/wp\/v2\/product_brand?post=1864"},{"taxonomy":"product_cat","embeddable":true,"href":"https:\/\/fabiofiligree.com\/fr\/wp-json\/wp\/v2\/product_cat?post=1864"},{"taxonomy":"product_tag","embeddable":true,"href":"https:\/\/fabiofiligree.com\/fr\/wp-json\/wp\/v2\/product_tag?post=1864"}],"curies":[{"name":"wp","href":"https:\/\/api.w.org\/{rel}","templated":true}]}}