{"id":1904,"date":"2024-08-28T13:58:28","date_gmt":"2024-08-28T13:58:28","guid":{"rendered":"https:\/\/fabiofiligree.com\/?post_type=product&#038;p=1904"},"modified":"2025-05-13T00:01:30","modified_gmt":"2025-05-13T00:01:30","slug":"selva-hilo-large-earrings-filigree","status":"publish","type":"product","link":"https:\/\/fabiofiligree.com\/fr\/produit\/selva-hilo-grandes-boucles-doreilles-filigrane\/","title":{"rendered":"Longues boucles d'oreilles en filigrane dor\u00e9 SELVA DE HILO"},"content":{"rendered":"<p class=\"p1\">Ces longues boucles d'oreilles en filigrane sont absolument magnifiques et d\u00e9licates. Comme des p\u00e9tales translucides, elles tombent gracieusement sur le c\u00f4t\u00e9 du cou, leurs formes organiques en filigrane compl\u00e8teront votre look lors de cocktails ou d'\u00e9v\u00e9nements sp\u00e9ciaux. Ces bijoux polyvalents sont id\u00e9aux pour les amateurs de grandes boucles d'oreilles. Ne vous inqui\u00e9tez pas de leur poids, elles sont l\u00e9g\u00e8res et vous ne les sentirez pas lorsque vous les porterez.<\/p>\n<table cellspacing=\"0\" cellpadding=\"0\">\n<tbody>\n<tr>\n<td colspan=\"2\" valign=\"bottom\">\n<p align=\"center\"><span style=\"color: #000000; font-family: Calibri; font-size: medium;\">Mati\u00e8re : Argent 970 avec placage d'or<br \/>\n<\/span><\/p>\n<\/td>\n<\/tr>\n<tr>\n<td colspan=\"2\" valign=\"bottom\">\n<p align=\"center\"><span style=\"color: #000000; font-family: Calibri; font-size: medium;\">Dimensions : L 95 mm x L 40 mm<br \/>\n<\/span><\/p>\n<\/td>\n<\/tr>\n<\/tbody>\n<\/table>","protected":false},"excerpt":{"rendered":"<p>Ces longues boucles d'oreilles en filigrane sont absolument magnifiques et d\u00e9licates. Comme des p\u00e9tales translucides, elles tombent gracieusement sur le c\u00f4t\u00e9 du cou, leurs formes organiques en filigrane compl\u00e8teront votre look lors de cocktails ou d'\u00e9v\u00e9nements sp\u00e9ciaux. Ces bijoux polyvalents sont id\u00e9aux pour les amateurs de grandes boucles d'oreilles. Ne vous inqui\u00e9tez pas de leur poids, elles sont l\u00e9g\u00e8res et vous ne les sentirez pas...<\/p>","protected":false},"featured_media":1905,"comment_status":"open","ping_status":"closed","template":"","meta":{"_joinchat":[]},"product_brand":[],"product_cat":[66],"product_tag":[],"class_list":{"0":"post-1904","1":"product","2":"type-product","3":"status-publish","4":"has-post-thumbnail","6":"product_cat-earrings","8":"first","9":"instock","10":"shipping-taxable","11":"purchasable","12":"product-type-simple"},"jetpack_sharing_enabled":true,"_links":{"self":[{"href":"https:\/\/fabiofiligree.com\/fr\/wp-json\/wp\/v2\/product\/1904","targetHints":{"allow":["GET"]}}],"collection":[{"href":"https:\/\/fabiofiligree.com\/fr\/wp-json\/wp\/v2\/product"}],"about":[{"href":"https:\/\/fabiofiligree.com\/fr\/wp-json\/wp\/v2\/types\/product"}],"replies":[{"embeddable":true,"href":"https:\/\/fabiofiligree.com\/fr\/wp-json\/wp\/v2\/comments?post=1904"}],"wp:featuredmedia":[{"embeddable":true,"href":"https:\/\/fabiofiligree.com\/fr\/wp-json\/wp\/v2\/media\/1905"}],"wp:attachment":[{"href":"https:\/\/fabiofiligree.com\/fr\/wp-json\/wp\/v2\/media?parent=1904"}],"wp:term":[{"taxonomy":"product_brand","embeddable":true,"href":"https:\/\/fabiofiligree.com\/fr\/wp-json\/wp\/v2\/product_brand?post=1904"},{"taxonomy":"product_cat","embeddable":true,"href":"https:\/\/fabiofiligree.com\/fr\/wp-json\/wp\/v2\/product_cat?post=1904"},{"taxonomy":"product_tag","embeddable":true,"href":"https:\/\/fabiofiligree.com\/fr\/wp-json\/wp\/v2\/product_tag?post=1904"}],"curies":[{"name":"wp","href":"https:\/\/api.w.org\/{rel}","templated":true}]}}