{"id":2527,"date":"2024-10-18T01:21:45","date_gmt":"2024-10-18T01:21:45","guid":{"rendered":"https:\/\/fabiofiligree.com\/?post_type=product&#038;p=2527"},"modified":"2025-08-26T21:23:25","modified_gmt":"2025-08-26T21:23:25","slug":"collar-en-filigrana-dorada-cubik-filigree","status":"publish","type":"product","link":"https:\/\/fabiofiligree.com\/fr\/produit\/collier-en-filigrane-dore-cubik-filigree\/","title":{"rendered":"Collier en filigrane d'argent, \"Cubik\""},"content":{"rendered":"<p class=\"p1\">Ce petit pendentif rond, d\u2019inspiration minimaliste, d\u00e9voile des fils en filigrane formant une d\u00e9licate dentelle, embl\u00e9matique de l\u2019esth\u00e9tique traditionnelle de cet art. Polyvalent et \u00e9l\u00e9gant, il peut \u00eatre port\u00e9 aussi bien au bureau que lors d\u2019autres occasions. Id\u00e9al pour \u00eatre assorti aux boucles d\u2019oreilles Cubik<\/p>\n<table cellspacing=\"0\" cellpadding=\"0\">\n<tbody>\n<tr>\n<td colspan=\"2\" valign=\"bottom\">\n<p align=\"center\"><span style=\"color: #000000; font-family: Calibri; font-size: medium;\">Mati\u00e8re : argent 970\u00a0<\/span><\/p>\n<\/td>\n<\/tr>\n<tr>\n<td colspan=\"2\" valign=\"bottom\">\n<p align=\"center\"><span style=\"color: #000000; font-family: Calibri; font-size: medium;\">Dimensions : 6 mm<\/span><\/p>\n<\/td>\n<\/tr>\n<\/tbody>\n<\/table>","protected":false},"excerpt":{"rendered":"<p>Ce petit pendentif rond d'inspiration mini-minimaliste pr\u00e9sente des fils filigran\u00e9s qui forment l'armure classique de l'escargot. Assez polyvalent pour \u00eatre port\u00e9 au bureau ou \u00e0 toute autre occasion. Parfait pour combiner avec les boucles d'oreilles Cubik. Mati\u00e8re : Argent 970 Taille : 6mm<\/p>","protected":false},"featured_media":2528,"comment_status":"open","ping_status":"closed","template":"","meta":{"_joinchat":[]},"product_brand":[],"product_cat":[65],"product_tag":[],"class_list":{"0":"post-2527","1":"product","2":"type-product","3":"status-publish","4":"has-post-thumbnail","6":"product_cat-necklages","8":"first","9":"instock","10":"shipping-taxable","11":"purchasable","12":"product-type-simple"},"jetpack_sharing_enabled":true,"_links":{"self":[{"href":"https:\/\/fabiofiligree.com\/fr\/wp-json\/wp\/v2\/product\/2527","targetHints":{"allow":["GET"]}}],"collection":[{"href":"https:\/\/fabiofiligree.com\/fr\/wp-json\/wp\/v2\/product"}],"about":[{"href":"https:\/\/fabiofiligree.com\/fr\/wp-json\/wp\/v2\/types\/product"}],"replies":[{"embeddable":true,"href":"https:\/\/fabiofiligree.com\/fr\/wp-json\/wp\/v2\/comments?post=2527"}],"wp:featuredmedia":[{"embeddable":true,"href":"https:\/\/fabiofiligree.com\/fr\/wp-json\/wp\/v2\/media\/2528"}],"wp:attachment":[{"href":"https:\/\/fabiofiligree.com\/fr\/wp-json\/wp\/v2\/media?parent=2527"}],"wp:term":[{"taxonomy":"product_brand","embeddable":true,"href":"https:\/\/fabiofiligree.com\/fr\/wp-json\/wp\/v2\/product_brand?post=2527"},{"taxonomy":"product_cat","embeddable":true,"href":"https:\/\/fabiofiligree.com\/fr\/wp-json\/wp\/v2\/product_cat?post=2527"},{"taxonomy":"product_tag","embeddable":true,"href":"https:\/\/fabiofiligree.com\/fr\/wp-json\/wp\/v2\/product_tag?post=2527"}],"curies":[{"name":"wp","href":"https:\/\/api.w.org\/{rel}","templated":true}]}}