{"id":3067,"date":"2025-02-08T23:11:26","date_gmt":"2025-02-08T23:11:26","guid":{"rendered":"https:\/\/fabiofiligree.com\/?post_type=product&#038;p=3067"},"modified":"2025-02-13T22:30:11","modified_gmt":"2025-02-13T22:30:11","slug":"dije-de-filigrana-en-plata-tridilove","status":"publish","type":"product","link":"https:\/\/fabiofiligree.com\/fr\/produit\/pendentif-filigrane-en-argent-tridimensionnel\/","title":{"rendered":"Pendentif en argent filigran\u00e9, \"Tridilove\"."},"content":{"rendered":"<p>Breloque de c\u0153ur minimaliste en filigrane d'argent, id\u00e9ale pour compl\u00e9ter une tenue d\u00e9contract\u00e9e ou habill\u00e9e. Parfait comme cadeau pour quelqu'un de sp\u00e9cial ou comme d\u00e9tail unique pour vous-m\u00eame. Son design intemporel en fait une pi\u00e8ce qui durera des g\u00e9n\u00e9rations.<\/p>","protected":false},"excerpt":{"rendered":"<p>Breloque de c\u0153ur minimaliste en filigrane d'argent, id\u00e9ale pour compl\u00e9ter une tenue d\u00e9contract\u00e9e ou habill\u00e9e. Parfait comme cadeau pour quelqu'un de sp\u00e9cial ou comme d\u00e9tail unique pour vous-m\u00eame. Son design intemporel en fait une pi\u00e8ce qui durera des g\u00e9n\u00e9rations.<\/p>","protected":false},"featured_media":3068,"comment_status":"open","ping_status":"closed","template":"","meta":{"_joinchat":[]},"product_brand":[],"product_cat":[65],"product_tag":[],"class_list":{"0":"post-3067","1":"product","2":"type-product","3":"status-publish","4":"has-post-thumbnail","6":"product_cat-necklages","8":"first","9":"instock","10":"shipping-taxable","11":"purchasable","12":"product-type-variable"},"jetpack_sharing_enabled":true,"_links":{"self":[{"href":"https:\/\/fabiofiligree.com\/fr\/wp-json\/wp\/v2\/product\/3067","targetHints":{"allow":["GET"]}}],"collection":[{"href":"https:\/\/fabiofiligree.com\/fr\/wp-json\/wp\/v2\/product"}],"about":[{"href":"https:\/\/fabiofiligree.com\/fr\/wp-json\/wp\/v2\/types\/product"}],"replies":[{"embeddable":true,"href":"https:\/\/fabiofiligree.com\/fr\/wp-json\/wp\/v2\/comments?post=3067"}],"wp:featuredmedia":[{"embeddable":true,"href":"https:\/\/fabiofiligree.com\/fr\/wp-json\/wp\/v2\/media\/3068"}],"wp:attachment":[{"href":"https:\/\/fabiofiligree.com\/fr\/wp-json\/wp\/v2\/media?parent=3067"}],"wp:term":[{"taxonomy":"product_brand","embeddable":true,"href":"https:\/\/fabiofiligree.com\/fr\/wp-json\/wp\/v2\/product_brand?post=3067"},{"taxonomy":"product_cat","embeddable":true,"href":"https:\/\/fabiofiligree.com\/fr\/wp-json\/wp\/v2\/product_cat?post=3067"},{"taxonomy":"product_tag","embeddable":true,"href":"https:\/\/fabiofiligree.com\/fr\/wp-json\/wp\/v2\/product_tag?post=3067"}],"curies":[{"name":"wp","href":"https:\/\/api.w.org\/{rel}","templated":true}]}}