{"id":3131,"date":"2025-02-11T17:03:52","date_gmt":"2025-02-11T17:03:52","guid":{"rendered":"https:\/\/fabiofiligree.com\/?post_type=product&#038;p=3131"},"modified":"2025-02-13T21:03:19","modified_gmt":"2025-02-13T21:03:19","slug":"anillo-en-filigrana-de-plata-maribelle","status":"publish","type":"product","link":"https:\/\/fabiofiligree.com\/fr\/produit\/bague-en-argent-filigrane-maribelle\/","title":{"rendered":"Bague de filigrane en argent, \"Maribelle\""},"content":{"rendered":"<p><span style=\"color: #000000;\">La bague Maribelle est une pi\u00e8ce incontournable pour sublimer votre look. Brod\u00e9e de d\u00e9licats fils de filigrane, cette merveille vous fera briller \u00e0 tout moment de la journ\u00e9e. Sa forme courb\u00e9e et l\u00e9g\u00e8re la rend extr\u00eamement confortable \u00e0 porter. Une pi\u00e8ce classique de notre marque, id\u00e9ale pour un look sophistiqu\u00e9 et moderne.<\/span><\/p>","protected":false},"excerpt":{"rendered":"<p>La bague Maribelle est une pi\u00e8ce incontournable pour sublimer votre look. Brod\u00e9e de d\u00e9licats fils de filigrane, cette merveille vous fera briller \u00e0 tout moment de la journ\u00e9e. Sa forme courb\u00e9e et l\u00e9g\u00e8re la rend extr\u00eamement confortable \u00e0 porter. Une pi\u00e8ce classique de notre marque, id\u00e9ale pour un look sophistiqu\u00e9 et moderne.<\/p>","protected":false},"featured_media":3106,"comment_status":"open","ping_status":"closed","template":"","meta":{"_joinchat":[]},"product_brand":[],"product_cat":[63],"product_tag":[],"class_list":{"0":"post-3131","1":"product","2":"type-product","3":"status-publish","4":"has-post-thumbnail","6":"product_cat-rings","8":"first","9":"instock","10":"shipping-taxable","11":"purchasable","12":"product-type-variable"},"jetpack_sharing_enabled":true,"_links":{"self":[{"href":"https:\/\/fabiofiligree.com\/fr\/wp-json\/wp\/v2\/product\/3131","targetHints":{"allow":["GET"]}}],"collection":[{"href":"https:\/\/fabiofiligree.com\/fr\/wp-json\/wp\/v2\/product"}],"about":[{"href":"https:\/\/fabiofiligree.com\/fr\/wp-json\/wp\/v2\/types\/product"}],"replies":[{"embeddable":true,"href":"https:\/\/fabiofiligree.com\/fr\/wp-json\/wp\/v2\/comments?post=3131"}],"wp:featuredmedia":[{"embeddable":true,"href":"https:\/\/fabiofiligree.com\/fr\/wp-json\/wp\/v2\/media\/3106"}],"wp:attachment":[{"href":"https:\/\/fabiofiligree.com\/fr\/wp-json\/wp\/v2\/media?parent=3131"}],"wp:term":[{"taxonomy":"product_brand","embeddable":true,"href":"https:\/\/fabiofiligree.com\/fr\/wp-json\/wp\/v2\/product_brand?post=3131"},{"taxonomy":"product_cat","embeddable":true,"href":"https:\/\/fabiofiligree.com\/fr\/wp-json\/wp\/v2\/product_cat?post=3131"},{"taxonomy":"product_tag","embeddable":true,"href":"https:\/\/fabiofiligree.com\/fr\/wp-json\/wp\/v2\/product_tag?post=3131"}],"curies":[{"name":"wp","href":"https:\/\/api.w.org\/{rel}","templated":true}]}}