{"id":3133,"date":"2025-02-11T22:02:46","date_gmt":"2025-02-11T22:02:46","guid":{"rendered":"https:\/\/fabiofiligree.com\/?post_type=product&#038;p=3133"},"modified":"2025-05-13T00:01:30","modified_gmt":"2025-05-13T00:01:30","slug":"aretes-en-filigrana-de-plata-tomatillo","status":"publish","type":"product","link":"https:\/\/fabiofiligree.com\/fr\/produit\/boucles-doreilles-en-filigrane-dargent-tomatillo\/","title":{"rendered":"Boucles d'oreilles en argent, petites, \"Tomatillo\""},"content":{"rendered":"<p><span style=\"color: #000000;\">Ces boucles d\u2019oreilles tiss\u00e9es en tomatillo sont un design classique du filigrane traditionnel. Leur sph\u00e8re centrale donne naissance \u00e0 des fils d\u00e9licats formant une spirale. Minimalistes et polyvalentes, elles se marient avec tout, que vous les portiez seules ou associ\u00e9es \u00e0 d\u2019autres pi\u00e8ces de notre collection. Ce bijou incontournable est un v\u00e9ritable must-have pour sublimer votre look au quotidien.<\/span><\/p>","protected":false},"excerpt":{"rendered":"<p>Ces boucles d\u2019oreilles tiss\u00e9es en tomatillo sont un design classique du filigrane traditionnel. Leur sph\u00e8re centrale donne naissance \u00e0 des fils d\u00e9licats formant une spirale. Minimalistes et polyvalentes, elles se marient avec tout, que vous les portiez seules ou associ\u00e9es \u00e0 d\u2019autres pi\u00e8ces de notre collection. Ce bijou incontournable est un v\u00e9ritable must-have pour sublimer votre look au quotidien.<\/p>","protected":false},"featured_media":1414,"comment_status":"open","ping_status":"closed","template":"","meta":{"_joinchat":[]},"product_brand":[],"product_cat":[66],"product_tag":[],"class_list":{"0":"post-3133","1":"product","2":"type-product","3":"status-publish","4":"has-post-thumbnail","6":"product_cat-earrings","8":"first","9":"instock","10":"shipping-taxable","11":"purchasable","12":"product-type-simple"},"jetpack_sharing_enabled":true,"_links":{"self":[{"href":"https:\/\/fabiofiligree.com\/fr\/wp-json\/wp\/v2\/product\/3133","targetHints":{"allow":["GET"]}}],"collection":[{"href":"https:\/\/fabiofiligree.com\/fr\/wp-json\/wp\/v2\/product"}],"about":[{"href":"https:\/\/fabiofiligree.com\/fr\/wp-json\/wp\/v2\/types\/product"}],"replies":[{"embeddable":true,"href":"https:\/\/fabiofiligree.com\/fr\/wp-json\/wp\/v2\/comments?post=3133"}],"wp:featuredmedia":[{"embeddable":true,"href":"https:\/\/fabiofiligree.com\/fr\/wp-json\/wp\/v2\/media\/1414"}],"wp:attachment":[{"href":"https:\/\/fabiofiligree.com\/fr\/wp-json\/wp\/v2\/media?parent=3133"}],"wp:term":[{"taxonomy":"product_brand","embeddable":true,"href":"https:\/\/fabiofiligree.com\/fr\/wp-json\/wp\/v2\/product_brand?post=3133"},{"taxonomy":"product_cat","embeddable":true,"href":"https:\/\/fabiofiligree.com\/fr\/wp-json\/wp\/v2\/product_cat?post=3133"},{"taxonomy":"product_tag","embeddable":true,"href":"https:\/\/fabiofiligree.com\/fr\/wp-json\/wp\/v2\/product_tag?post=3133"}],"curies":[{"name":"wp","href":"https:\/\/api.w.org\/{rel}","templated":true}]}}