{"id":3251,"date":"2025-02-13T23:43:07","date_gmt":"2025-02-13T23:43:07","guid":{"rendered":"https:\/\/fabiofiligree.com\/?post_type=product&#038;p=3251"},"modified":"2025-03-04T22:49:35","modified_gmt":"2025-03-04T22:49:35","slug":"dije-en-plata-dorada-mariposa","status":"publish","type":"product","link":"https:\/\/fabiofiligree.com\/fr\/produit\/pendentif-papillon-en-argent-plaque-or\/","title":{"rendered":"Pendentif en argent plaqu\u00e9 or \"Papillon\"."},"content":{"rendered":"<p>Boucles d'oreilles papillon en filigrane, cr\u00e9\u00e9es avec des fils d'argent qui refl\u00e8tent la libert\u00e9 et l'\u00e9l\u00e9gance, avec une texture unique, ces boucles d'oreilles donneront une touche f\u00e9minine et romantique \u00e0 votre look.<\/p>","protected":false},"excerpt":{"rendered":"<p>Boucles d'oreilles papillon en filigrane, cr\u00e9\u00e9es avec des fils d'argent qui refl\u00e8tent la libert\u00e9 et l'\u00e9l\u00e9gance, avec une texture unique, ces boucles d'oreilles donneront une touche f\u00e9minine et romantique \u00e0 votre look.<\/p>","protected":false},"featured_media":3066,"comment_status":"open","ping_status":"closed","template":"","meta":{"_joinchat":[]},"product_brand":[],"product_cat":[65],"product_tag":[],"class_list":{"0":"post-3251","1":"product","2":"type-product","3":"status-publish","4":"has-post-thumbnail","6":"product_cat-necklages","8":"first","9":"instock","10":"shipping-taxable","11":"purchasable","12":"product-type-variable"},"jetpack_sharing_enabled":true,"_links":{"self":[{"href":"https:\/\/fabiofiligree.com\/fr\/wp-json\/wp\/v2\/product\/3251","targetHints":{"allow":["GET"]}}],"collection":[{"href":"https:\/\/fabiofiligree.com\/fr\/wp-json\/wp\/v2\/product"}],"about":[{"href":"https:\/\/fabiofiligree.com\/fr\/wp-json\/wp\/v2\/types\/product"}],"replies":[{"embeddable":true,"href":"https:\/\/fabiofiligree.com\/fr\/wp-json\/wp\/v2\/comments?post=3251"}],"wp:featuredmedia":[{"embeddable":true,"href":"https:\/\/fabiofiligree.com\/fr\/wp-json\/wp\/v2\/media\/3066"}],"wp:attachment":[{"href":"https:\/\/fabiofiligree.com\/fr\/wp-json\/wp\/v2\/media?parent=3251"}],"wp:term":[{"taxonomy":"product_brand","embeddable":true,"href":"https:\/\/fabiofiligree.com\/fr\/wp-json\/wp\/v2\/product_brand?post=3251"},{"taxonomy":"product_cat","embeddable":true,"href":"https:\/\/fabiofiligree.com\/fr\/wp-json\/wp\/v2\/product_cat?post=3251"},{"taxonomy":"product_tag","embeddable":true,"href":"https:\/\/fabiofiligree.com\/fr\/wp-json\/wp\/v2\/product_tag?post=3251"}],"curies":[{"name":"wp","href":"https:\/\/api.w.org\/{rel}","templated":true}]}}