{"id":3265,"date":"2025-02-14T00:33:13","date_gmt":"2025-02-14T00:33:13","guid":{"rendered":"https:\/\/fabiofiligree.com\/?post_type=product&#038;p=3265"},"modified":"2025-03-04T22:55:43","modified_gmt":"2025-03-04T22:55:43","slug":"dije-de-filigrana-en-plata-dorada-hoja","status":"publish","type":"product","link":"https:\/\/fabiofiligree.com\/fr\/produit\/pendentif-filigrane-en-feuille-dargent-plaque-or\/","title":{"rendered":"Pendentif filigrane en argent plaqu\u00e9 or, \"Feuille\"."},"content":{"rendered":"<p>D\u00e9couvrez la simplicit\u00e9 et le charme de cette feuille, fabriqu\u00e9e \u00e0 la main \u00e0 partir de fils d'argent. Sa d\u00e9licatesse subtile et son design minimaliste ajoutent une touche romantique et sophistiqu\u00e9e \u00e0 n'importe quel look.<\/p>","protected":false},"excerpt":{"rendered":"<p>D\u00e9couvrez la simplicit\u00e9 et le charme de cette feuille, fabriqu\u00e9e \u00e0 la main \u00e0 partir de fils d'argent. Sa d\u00e9licatesse subtile et son design minimaliste ajoutent une touche romantique et sophistiqu\u00e9e \u00e0 n'importe quel look.<\/p>","protected":false},"featured_media":3062,"comment_status":"open","ping_status":"closed","template":"","meta":{"_joinchat":[]},"product_brand":[],"product_cat":[65],"product_tag":[],"class_list":{"0":"post-3265","1":"product","2":"type-product","3":"status-publish","4":"has-post-thumbnail","6":"product_cat-necklages","8":"first","9":"instock","10":"shipping-taxable","11":"purchasable","12":"product-type-variable"},"jetpack_sharing_enabled":true,"_links":{"self":[{"href":"https:\/\/fabiofiligree.com\/fr\/wp-json\/wp\/v2\/product\/3265","targetHints":{"allow":["GET"]}}],"collection":[{"href":"https:\/\/fabiofiligree.com\/fr\/wp-json\/wp\/v2\/product"}],"about":[{"href":"https:\/\/fabiofiligree.com\/fr\/wp-json\/wp\/v2\/types\/product"}],"replies":[{"embeddable":true,"href":"https:\/\/fabiofiligree.com\/fr\/wp-json\/wp\/v2\/comments?post=3265"}],"wp:featuredmedia":[{"embeddable":true,"href":"https:\/\/fabiofiligree.com\/fr\/wp-json\/wp\/v2\/media\/3062"}],"wp:attachment":[{"href":"https:\/\/fabiofiligree.com\/fr\/wp-json\/wp\/v2\/media?parent=3265"}],"wp:term":[{"taxonomy":"product_brand","embeddable":true,"href":"https:\/\/fabiofiligree.com\/fr\/wp-json\/wp\/v2\/product_brand?post=3265"},{"taxonomy":"product_cat","embeddable":true,"href":"https:\/\/fabiofiligree.com\/fr\/wp-json\/wp\/v2\/product_cat?post=3265"},{"taxonomy":"product_tag","embeddable":true,"href":"https:\/\/fabiofiligree.com\/fr\/wp-json\/wp\/v2\/product_tag?post=3265"}],"curies":[{"name":"wp","href":"https:\/\/api.w.org\/{rel}","templated":true}]}}