{"id":3318,"date":"2025-05-01T19:37:43","date_gmt":"2025-05-01T19:37:43","guid":{"rendered":"https:\/\/fabiofiligree.com\/?post_type=product&#038;p=3318"},"modified":"2025-08-26T21:31:46","modified_gmt":"2025-08-26T21:31:46","slug":"collar-de-filigrana-en-plata-dorada-rombo","status":"publish","type":"product","link":"https:\/\/fabiofiligree.com\/fr\/produit\/collier-filigrane-en-argent-plaque-or-losange\/","title":{"rendered":"Collier filigrane en argent plaqu\u00e9 or Rhombus"},"content":{"rendered":"<p>Un rectangle d\u00e9licat encadre un losange exquis, entour\u00e9 de spirales en filigrane. Ce magnifique pendentif g\u00e9om\u00e9trique, accompagn\u00e9 de sa cha\u00eene en argent, s\u2019harmonise parfaitement avec les boucles d\u2019oreilles Losange.<\/p>","protected":false},"excerpt":{"rendered":"<p>Un rectangle d\u00e9licat encadre un losange exquis, entour\u00e9 de spirales en filigrane. Ce magnifique pendentif g\u00e9om\u00e9trique, accompagn\u00e9 de sa cha\u00eene en argent, s\u2019harmonise parfaitement avec les boucles d\u2019oreilles Losange.<\/p>","protected":false},"featured_media":3321,"comment_status":"open","ping_status":"closed","template":"","meta":{"_joinchat":{"telephone":"+14388759632"}},"product_brand":[],"product_cat":[65],"product_tag":[],"class_list":{"0":"post-3318","1":"product","2":"type-product","3":"status-publish","4":"has-post-thumbnail","6":"product_cat-necklages","8":"first","9":"instock","10":"shipping-taxable","11":"purchasable","12":"product-type-simple"},"jetpack_sharing_enabled":true,"_links":{"self":[{"href":"https:\/\/fabiofiligree.com\/fr\/wp-json\/wp\/v2\/product\/3318","targetHints":{"allow":["GET"]}}],"collection":[{"href":"https:\/\/fabiofiligree.com\/fr\/wp-json\/wp\/v2\/product"}],"about":[{"href":"https:\/\/fabiofiligree.com\/fr\/wp-json\/wp\/v2\/types\/product"}],"replies":[{"embeddable":true,"href":"https:\/\/fabiofiligree.com\/fr\/wp-json\/wp\/v2\/comments?post=3318"}],"wp:featuredmedia":[{"embeddable":true,"href":"https:\/\/fabiofiligree.com\/fr\/wp-json\/wp\/v2\/media\/3321"}],"wp:attachment":[{"href":"https:\/\/fabiofiligree.com\/fr\/wp-json\/wp\/v2\/media?parent=3318"}],"wp:term":[{"taxonomy":"product_brand","embeddable":true,"href":"https:\/\/fabiofiligree.com\/fr\/wp-json\/wp\/v2\/product_brand?post=3318"},{"taxonomy":"product_cat","embeddable":true,"href":"https:\/\/fabiofiligree.com\/fr\/wp-json\/wp\/v2\/product_cat?post=3318"},{"taxonomy":"product_tag","embeddable":true,"href":"https:\/\/fabiofiligree.com\/fr\/wp-json\/wp\/v2\/product_tag?post=3318"}],"curies":[{"name":"wp","href":"https:\/\/api.w.org\/{rel}","templated":true}]}}